{"id":307,"date":"2022-11-27T19:37:22","date_gmt":"2022-11-27T18:37:22","guid":{"rendered":"https:\/\/mdvie.eu\/?page_id=307"},"modified":"2023-07-18T19:14:54","modified_gmt":"2023-07-18T17:14:54","slug":"assurance-vie-a-prime-unique","status":"publish","type":"page","link":"https:\/\/mdvie.eu\/?page_id=307","title":{"rendered":"Assurance Vie \u00e0 prime unique"},"content":{"rendered":"\t\t<div data-elementor-type=\"wp-page\" data-elementor-id=\"307\" class=\"elementor elementor-307\">\n\t\t\t\t\t\t<section class=\"elementor-section elementor-top-section elementor-element elementor-element-203683e elementor-section-boxed elementor-section-height-default elementor-section-height-default\" data-id=\"203683e\" data-element_type=\"section\" data-e-type=\"section\">\n\t\t\t\t\t\t<div class=\"elementor-container elementor-column-gap-default\">\n\t\t\t\t\t<div class=\"elementor-column elementor-col-100 elementor-top-column elementor-element elementor-element-ce28ba5\" data-id=\"ce28ba5\" data-element_type=\"column\" data-e-type=\"column\">\n\t\t\t<div class=\"elementor-widget-wrap elementor-element-populated\">\n\t\t\t\t\t\t<div class=\"elementor-element elementor-element-9634149 elementor-widget elementor-widget-text-editor\" data-id=\"9634149\" data-element_type=\"widget\" data-e-type=\"widget\" data-widget_type=\"text-editor.default\">\n\t\t\t\t<div class=\"elementor-widget-container\">\n\t\t\t\t\t\t\t\t\t<h3 class=\"elementor-image-box-title elementor-inline-editing pen\" contenteditable=\"true\" data-elementor-setting-key=\"title_text\" data-elementor-inline-editing-toolbar=\"none\" data-pen-placeholder=\"\u00c9crivez ici...\">ASSURANCE VIE \u00c0 PRIME UNIQUE\u200b<\/h3>\t\t\t\t\t\t\t\t<\/div>\n\t\t\t\t<\/div>\n\t\t\t\t<div class=\"elementor-element elementor-element-0af5b8e elementor-widget elementor-widget-image\" data-id=\"0af5b8e\" data-element_type=\"widget\" data-e-type=\"widget\" data-widget_type=\"image.default\">\n\t\t\t\t<div class=\"elementor-widget-container\">\n\t\t\t\t\t\t\t\t\t\t\t\t\t\t\t<img fetchpriority=\"high\" decoding=\"async\" width=\"740\" height=\"155\" src=\"https:\/\/mdvie.eu\/wp-content\/uploads\/2022\/11\/md-swap-bandeau.jpg\" class=\"attachment-large size-large wp-image-309\" alt=\"\" srcset=\"https:\/\/mdvie.eu\/wp-content\/uploads\/2022\/11\/md-swap-bandeau.jpg 740w, https:\/\/mdvie.eu\/wp-content\/uploads\/2022\/11\/md-swap-bandeau-300x63.jpg 300w\" sizes=\"(max-width: 740px) 100vw, 740px\" \/>\t\t\t\t\t\t\t\t\t\t\t\t\t\t\t<\/div>\n\t\t\t\t<\/div>\n\t\t\t\t<div class=\"elementor-element elementor-element-76967b5 elementor-widget elementor-widget-text-editor\" data-id=\"76967b5\" data-element_type=\"widget\" data-e-type=\"widget\" data-widget_type=\"text-editor.default\">\n\t\t\t\t<div class=\"elementor-widget-container\">\n\t\t\t\t\t\t\t\t\t<table border=\"0\" cellspacing=\"0\" cellpadding=\"0\"><tbody><tr><td width=\"740\"><p><strong>LES\u00a0+\u00a0DU CONTRAT OBJECTIF PATRIMOINE<br \/><\/strong><\/p><p>\u00a0<\/p><p>Un abattement sur les droits de succession, en cas de d\u00e9c\u00e8s (jusqu&rsquo;\u00e0 152 500 euros) et sur les gains r\u00e9alis\u00e9s, \u00e0 hauteur de 4 600 euros par an si vous \u00eates c\u00e9libataire, veuf(ve) ou divorc\u00e9(e), ou de 9 200 euros par an pour un couple soumis \u00e0 imposition commune.<\/p><p>Forte d&rsquo;un chiffre d&rsquo;affaires de 19,2 milliards d&rsquo;euros en 2018, la compagnie\u00a0<strong>Swiss Life<\/strong>\u00a0est un acteur de dimension internationale du march\u00e9 de l&rsquo;assurance, qui a su gagner par son efficacit\u00e9 la confiance de ses 1 500 000 clients.<\/p><p>Swiss Life vous offre la possibilit\u00e9 de d\u00e9terminer le mode de gestion qui correspond le mieux \u00e0 votre profil d&rsquo;investisseur avec un fonds en euros, un choix de 750 OPCVM et une orientation de gestion pilot\u00e9e (Avenant de R\u00e9orientation de l&rsquo;Epargne) par\u00a0la FINANCI\u00c8RE DE L&rsquo;OXER, pour vous permettre de b\u00e9n\u00e9ficier d&rsquo;une gestion sur mesure.<\/p><p>Cette gestion vous offre 3 orientations : \u00ab\u00a0<strong>FOX\u00a0Mod\u00e9r\u00e9<\/strong>\u00a0\u00bb pour valoriser votre capital \u00e0 moyen terme avec une prise de risque mod\u00e9r\u00e9e, \u00ab\u00a0<strong>FOX Equilibre<\/strong>\u00a0\u00bb pour valoriser votre capital \u00e0 moyen \/ long terme avec une prise de risque mesur\u00e9e et \u00ab\u00a0<strong>FOX Dynamique<\/strong>\u00a0\u00bb pour rechercher la performance \u00e0 long terme avec une prise de risque \u00e9lev\u00e9e.<\/p><p>\u00a0<\/p><\/td><td width=\"40\">\u00a0<\/td><td valign=\"top\" width=\"260\"><p>\u00a0<\/p><\/td><\/tr><\/tbody><\/table><h2>Nous attirons votre attention sur le fait que :<\/h2><p>Les investissements effectu\u00e9s sur les supports en unit\u00e9s de compte propos\u00e9s au titre de ce contrat sont susceptibles de g\u00e9n\u00e9rer des pertes en capital, le risque de perte \u00e9tant plus ou moins important selon le fonds choisi.<\/p><p>Ces supports ne sont pas garantis dans la mesure o\u00f9 ils sont sujets \u00e0 des fluctuations \u00e0 la hausse ou \u00e0 la baisse, d\u00e9pendantes de l&rsquo;\u00e9volution des march\u00e9s financiers.<\/p><p>\u00a0<\/p><p style=\"color: #000000; font-family: 'Times New Roman'; font-size: medium; font-style: normal; font-variant-ligatures: normal; font-variant-caps: normal; font-weight: 400;\"><a href=\"https:\/\/mdvie.eu\/wp-content\/uploads\/2023\/04\/Objectif-Patrimoine-Fiche-Produit.pdf\">T\u00e9l\u00e9charger la fiche produit<\/a><\/p><p style=\"color: #000000; font-family: 'Times New Roman'; font-size: medium; font-style: normal; font-variant-ligatures: normal; font-variant-caps: normal; font-weight: 400;\">\u00a0<\/p><h3 style=\"color: #000000; font-family: 'Times New Roman'; font-style: normal; font-variant-ligatures: normal; font-variant-caps: normal; text-transform: none;\">Pour en savoir plus, contactez-nous !<\/h3>\t\t\t\t\t\t\t\t<\/div>\n\t\t\t\t<\/div>\n\t\t\t\t\t<\/div>\n\t\t<\/div>\n\t\t\t\t\t<\/div>\n\t\t<\/section>\n\t\t\t\t<\/div>\n\t\t","protected":false},"excerpt":{"rendered":"<p>ASSURANCE VIE \u00c0 PRIME UNIQUE\u200b LES\u00a0+\u00a0DU CONTRAT OBJECTIF PATRIMOINE \u00a0 Un abattement sur les droits de succession, en cas de d\u00e9c\u00e8s (jusqu&rsquo;\u00e0 152 500 euros) et sur les gains r\u00e9alis\u00e9s, \u00e0 hauteur de 4 600 euros par an si vous \u00eates c\u00e9libataire, veuf(ve) ou divorc\u00e9(e), ou de 9 200 euros par an pour un couple [&hellip;]<\/p>\n","protected":false},"author":1,"featured_media":0,"parent":0,"menu_order":0,"comment_status":"closed","ping_status":"closed","template":"","meta":{"ocean_post_layout":"","ocean_both_sidebars_style":"","ocean_both_sidebars_content_width":0,"ocean_both_sidebars_sidebars_width":0,"ocean_sidebar":"0","ocean_second_sidebar":"0","ocean_disable_margins":"enable","ocean_add_body_class":"","ocean_shortcode_before_top_bar":"","ocean_shortcode_after_top_bar":"","ocean_shortcode_before_header":"","ocean_shortcode_after_header":"","ocean_has_shortcode":"","ocean_shortcode_after_title":"","ocean_shortcode_before_footer_widgets":"","ocean_shortcode_after_footer_widgets":"","ocean_shortcode_before_footer_bottom":"","ocean_shortcode_after_footer_bottom":"","ocean_display_top_bar":"default","ocean_display_header":"default","ocean_header_style":"","ocean_center_header_left_menu":"0","ocean_custom_header_template":"0","ocean_custom_logo":0,"ocean_custom_retina_logo":0,"ocean_custom_logo_max_width":0,"ocean_custom_logo_tablet_max_width":0,"ocean_custom_logo_mobile_max_width":0,"ocean_custom_logo_max_height":0,"ocean_custom_logo_tablet_max_height":0,"ocean_custom_logo_mobile_max_height":0,"ocean_header_custom_menu":"0","ocean_menu_typo_font_family":"0","ocean_menu_typo_font_subset":"","ocean_menu_typo_font_size":0,"ocean_menu_typo_font_size_tablet":0,"ocean_menu_typo_font_size_mobile":0,"ocean_menu_typo_font_size_unit":"px","ocean_menu_typo_font_weight":"","ocean_menu_typo_font_weight_tablet":"","ocean_menu_typo_font_weight_mobile":"","ocean_menu_typo_transform":"","ocean_menu_typo_transform_tablet":"","ocean_menu_typo_transform_mobile":"","ocean_menu_typo_line_height":0,"ocean_menu_typo_line_height_tablet":0,"ocean_menu_typo_line_height_mobile":0,"ocean_menu_typo_line_height_unit":"","ocean_menu_typo_spacing":0,"ocean_menu_typo_spacing_tablet":0,"ocean_menu_typo_spacing_mobile":0,"ocean_menu_typo_spacing_unit":"","ocean_menu_link_color":"","ocean_menu_link_color_hover":"","ocean_menu_link_color_active":"","ocean_menu_link_background":"","ocean_menu_link_hover_background":"","ocean_menu_link_active_background":"","ocean_menu_social_links_bg":"","ocean_menu_social_hover_links_bg":"","ocean_menu_social_links_color":"","ocean_menu_social_hover_links_color":"","ocean_disable_title":"default","ocean_disable_heading":"default","ocean_post_title":"","ocean_post_subheading":"","ocean_post_title_style":"","ocean_post_title_background_color":"","ocean_post_title_background":0,"ocean_post_title_bg_image_position":"","ocean_post_title_bg_image_attachment":"","ocean_post_title_bg_image_repeat":"","ocean_post_title_bg_image_size":"","ocean_post_title_height":0,"ocean_post_title_bg_overlay":0.5,"ocean_post_title_bg_overlay_color":"","ocean_disable_breadcrumbs":"default","ocean_breadcrumbs_color":"","ocean_breadcrumbs_separator_color":"","ocean_breadcrumbs_links_color":"","ocean_breadcrumbs_links_hover_color":"","ocean_display_footer_widgets":"default","ocean_display_footer_bottom":"default","ocean_custom_footer_template":"0","footnotes":""},"class_list":["post-307","page","type-page","status-publish","hentry","entry"],"yoast_head":"<!-- This site is optimized with the Yoast SEO plugin v27.5 - https:\/\/yoast.com\/product\/yoast-seo-wordpress\/ -->\n<title>Assurance Vie \u00e0 prime unique - MD VIE<\/title>\n<meta name=\"robots\" content=\"index, follow, max-snippet:-1, max-image-preview:large, max-video-preview:-1\" \/>\n<link rel=\"canonical\" href=\"https:\/\/mdvie.eu\/?page_id=307\" \/>\n<meta property=\"og:locale\" content=\"fr_FR\" \/>\n<meta property=\"og:type\" content=\"article\" \/>\n<meta property=\"og:title\" content=\"Assurance Vie \u00e0 prime unique - MD VIE\" \/>\n<meta property=\"og:description\" content=\"ASSURANCE VIE \u00c0 PRIME UNIQUE\u200b LES\u00a0+\u00a0DU CONTRAT OBJECTIF PATRIMOINE \u00a0 Un abattement sur les droits de succession, en cas de d\u00e9c\u00e8s (jusqu&rsquo;\u00e0 152 500 euros) et sur les gains r\u00e9alis\u00e9s, \u00e0 hauteur de 4 600 euros par an si vous \u00eates c\u00e9libataire, veuf(ve) ou divorc\u00e9(e), ou de 9 200 euros par an pour un couple [&hellip;]\" \/>\n<meta property=\"og:url\" content=\"https:\/\/mdvie.eu\/?page_id=307\" \/>\n<meta property=\"og:site_name\" content=\"MD VIE\" \/>\n<meta property=\"article:modified_time\" content=\"2023-07-18T17:14:54+00:00\" \/>\n<meta property=\"og:image\" content=\"https:\/\/mdvie.eu\/wp-content\/uploads\/2022\/11\/md-swap-bandeau.jpg\" \/>\n<meta name=\"twitter:card\" content=\"summary_large_image\" \/>\n<meta name=\"twitter:label1\" content=\"Dur\u00e9e de lecture estim\u00e9e\" \/>\n\t<meta name=\"twitter:data1\" content=\"2 minutes\" \/>\n<script type=\"application\/ld+json\" class=\"yoast-schema-graph\">{\"@context\":\"https:\\\/\\\/schema.org\",\"@graph\":[{\"@type\":\"WebPage\",\"@id\":\"https:\\\/\\\/mdvie.eu\\\/?page_id=307\",\"url\":\"https:\\\/\\\/mdvie.eu\\\/?page_id=307\",\"name\":\"Assurance Vie \u00e0 prime unique - MD VIE\",\"isPartOf\":{\"@id\":\"https:\\\/\\\/mdvie.eu\\\/#website\"},\"primaryImageOfPage\":{\"@id\":\"https:\\\/\\\/mdvie.eu\\\/?page_id=307#primaryimage\"},\"image\":{\"@id\":\"https:\\\/\\\/mdvie.eu\\\/?page_id=307#primaryimage\"},\"thumbnailUrl\":\"https:\\\/\\\/mdvie.eu\\\/wp-content\\\/uploads\\\/2022\\\/11\\\/md-swap-bandeau.jpg\",\"datePublished\":\"2022-11-27T18:37:22+00:00\",\"dateModified\":\"2023-07-18T17:14:54+00:00\",\"breadcrumb\":{\"@id\":\"https:\\\/\\\/mdvie.eu\\\/?page_id=307#breadcrumb\"},\"inLanguage\":\"fr-FR\",\"potentialAction\":[{\"@type\":\"ReadAction\",\"target\":[\"https:\\\/\\\/mdvie.eu\\\/?page_id=307\"]}]},{\"@type\":\"ImageObject\",\"inLanguage\":\"fr-FR\",\"@id\":\"https:\\\/\\\/mdvie.eu\\\/?page_id=307#primaryimage\",\"url\":\"https:\\\/\\\/mdvie.eu\\\/wp-content\\\/uploads\\\/2022\\\/11\\\/md-swap-bandeau.jpg\",\"contentUrl\":\"https:\\\/\\\/mdvie.eu\\\/wp-content\\\/uploads\\\/2022\\\/11\\\/md-swap-bandeau.jpg\",\"width\":740,\"height\":155},{\"@type\":\"BreadcrumbList\",\"@id\":\"https:\\\/\\\/mdvie.eu\\\/?page_id=307#breadcrumb\",\"itemListElement\":[{\"@type\":\"ListItem\",\"position\":1,\"name\":\"Accueil\",\"item\":\"https:\\\/\\\/mdvie.eu\\\/\"},{\"@type\":\"ListItem\",\"position\":2,\"name\":\"Assurance Vie \u00e0 prime unique\"}]},{\"@type\":\"WebSite\",\"@id\":\"https:\\\/\\\/mdvie.eu\\\/#website\",\"url\":\"https:\\\/\\\/mdvie.eu\\\/\",\"name\":\"MD VIE\",\"description\":\"\",\"publisher\":{\"@id\":\"https:\\\/\\\/mdvie.eu\\\/#organization\"},\"potentialAction\":[{\"@type\":\"SearchAction\",\"target\":{\"@type\":\"EntryPoint\",\"urlTemplate\":\"https:\\\/\\\/mdvie.eu\\\/?s={search_term_string}\"},\"query-input\":{\"@type\":\"PropertyValueSpecification\",\"valueRequired\":true,\"valueName\":\"search_term_string\"}}],\"inLanguage\":\"fr-FR\"},{\"@type\":\"Organization\",\"@id\":\"https:\\\/\\\/mdvie.eu\\\/#organization\",\"name\":\"MD VIE\",\"url\":\"https:\\\/\\\/mdvie.eu\\\/\",\"logo\":{\"@type\":\"ImageObject\",\"inLanguage\":\"fr-FR\",\"@id\":\"https:\\\/\\\/mdvie.eu\\\/#\\\/schema\\\/logo\\\/image\\\/\",\"url\":\"https:\\\/\\\/mdvie.eu\\\/wp-content\\\/uploads\\\/2022\\\/11\\\/cropped-mdlogo.png\",\"contentUrl\":\"https:\\\/\\\/mdvie.eu\\\/wp-content\\\/uploads\\\/2022\\\/11\\\/cropped-mdlogo.png\",\"width\":223,\"height\":232,\"caption\":\"MD VIE\"},\"image\":{\"@id\":\"https:\\\/\\\/mdvie.eu\\\/#\\\/schema\\\/logo\\\/image\\\/\"}}]}<\/script>\n<!-- \/ Yoast SEO plugin. -->","yoast_head_json":{"title":"Assurance Vie \u00e0 prime unique - MD VIE","robots":{"index":"index","follow":"follow","max-snippet":"max-snippet:-1","max-image-preview":"max-image-preview:large","max-video-preview":"max-video-preview:-1"},"canonical":"https:\/\/mdvie.eu\/?page_id=307","og_locale":"fr_FR","og_type":"article","og_title":"Assurance Vie \u00e0 prime unique - MD VIE","og_description":"ASSURANCE VIE \u00c0 PRIME UNIQUE\u200b LES\u00a0+\u00a0DU CONTRAT OBJECTIF PATRIMOINE \u00a0 Un abattement sur les droits de succession, en cas de d\u00e9c\u00e8s (jusqu&rsquo;\u00e0 152 500 euros) et sur les gains r\u00e9alis\u00e9s, \u00e0 hauteur de 4 600 euros par an si vous \u00eates c\u00e9libataire, veuf(ve) ou divorc\u00e9(e), ou de 9 200 euros par an pour un couple [&hellip;]","og_url":"https:\/\/mdvie.eu\/?page_id=307","og_site_name":"MD VIE","article_modified_time":"2023-07-18T17:14:54+00:00","og_image":[{"url":"https:\/\/mdvie.eu\/wp-content\/uploads\/2022\/11\/md-swap-bandeau.jpg","type":"","width":"","height":""}],"twitter_card":"summary_large_image","twitter_misc":{"Dur\u00e9e de lecture estim\u00e9e":"2 minutes"},"schema":{"@context":"https:\/\/schema.org","@graph":[{"@type":"WebPage","@id":"https:\/\/mdvie.eu\/?page_id=307","url":"https:\/\/mdvie.eu\/?page_id=307","name":"Assurance Vie \u00e0 prime unique - MD VIE","isPartOf":{"@id":"https:\/\/mdvie.eu\/#website"},"primaryImageOfPage":{"@id":"https:\/\/mdvie.eu\/?page_id=307#primaryimage"},"image":{"@id":"https:\/\/mdvie.eu\/?page_id=307#primaryimage"},"thumbnailUrl":"https:\/\/mdvie.eu\/wp-content\/uploads\/2022\/11\/md-swap-bandeau.jpg","datePublished":"2022-11-27T18:37:22+00:00","dateModified":"2023-07-18T17:14:54+00:00","breadcrumb":{"@id":"https:\/\/mdvie.eu\/?page_id=307#breadcrumb"},"inLanguage":"fr-FR","potentialAction":[{"@type":"ReadAction","target":["https:\/\/mdvie.eu\/?page_id=307"]}]},{"@type":"ImageObject","inLanguage":"fr-FR","@id":"https:\/\/mdvie.eu\/?page_id=307#primaryimage","url":"https:\/\/mdvie.eu\/wp-content\/uploads\/2022\/11\/md-swap-bandeau.jpg","contentUrl":"https:\/\/mdvie.eu\/wp-content\/uploads\/2022\/11\/md-swap-bandeau.jpg","width":740,"height":155},{"@type":"BreadcrumbList","@id":"https:\/\/mdvie.eu\/?page_id=307#breadcrumb","itemListElement":[{"@type":"ListItem","position":1,"name":"Accueil","item":"https:\/\/mdvie.eu\/"},{"@type":"ListItem","position":2,"name":"Assurance Vie \u00e0 prime unique"}]},{"@type":"WebSite","@id":"https:\/\/mdvie.eu\/#website","url":"https:\/\/mdvie.eu\/","name":"MD VIE","description":"","publisher":{"@id":"https:\/\/mdvie.eu\/#organization"},"potentialAction":[{"@type":"SearchAction","target":{"@type":"EntryPoint","urlTemplate":"https:\/\/mdvie.eu\/?s={search_term_string}"},"query-input":{"@type":"PropertyValueSpecification","valueRequired":true,"valueName":"search_term_string"}}],"inLanguage":"fr-FR"},{"@type":"Organization","@id":"https:\/\/mdvie.eu\/#organization","name":"MD VIE","url":"https:\/\/mdvie.eu\/","logo":{"@type":"ImageObject","inLanguage":"fr-FR","@id":"https:\/\/mdvie.eu\/#\/schema\/logo\/image\/","url":"https:\/\/mdvie.eu\/wp-content\/uploads\/2022\/11\/cropped-mdlogo.png","contentUrl":"https:\/\/mdvie.eu\/wp-content\/uploads\/2022\/11\/cropped-mdlogo.png","width":223,"height":232,"caption":"MD VIE"},"image":{"@id":"https:\/\/mdvie.eu\/#\/schema\/logo\/image\/"}}]}},"_links":{"self":[{"href":"https:\/\/mdvie.eu\/index.php?rest_route=\/wp\/v2\/pages\/307","targetHints":{"allow":["GET"]}}],"collection":[{"href":"https:\/\/mdvie.eu\/index.php?rest_route=\/wp\/v2\/pages"}],"about":[{"href":"https:\/\/mdvie.eu\/index.php?rest_route=\/wp\/v2\/types\/page"}],"author":[{"embeddable":true,"href":"https:\/\/mdvie.eu\/index.php?rest_route=\/wp\/v2\/users\/1"}],"replies":[{"embeddable":true,"href":"https:\/\/mdvie.eu\/index.php?rest_route=%2Fwp%2Fv2%2Fcomments&post=307"}],"version-history":[{"count":8,"href":"https:\/\/mdvie.eu\/index.php?rest_route=\/wp\/v2\/pages\/307\/revisions"}],"predecessor-version":[{"id":543,"href":"https:\/\/mdvie.eu\/index.php?rest_route=\/wp\/v2\/pages\/307\/revisions\/543"}],"wp:attachment":[{"href":"https:\/\/mdvie.eu\/index.php?rest_route=%2Fwp%2Fv2%2Fmedia&parent=307"}],"curies":[{"name":"wp","href":"https:\/\/api.w.org\/{rel}","templated":true}]}}