{"id":429,"date":"2023-04-28T00:30:38","date_gmt":"2023-04-27T22:30:38","guid":{"rendered":"https:\/\/mdvie.eu\/?page_id=429"},"modified":"2023-07-18T19:09:49","modified_gmt":"2023-07-18T17:09:49","slug":"elementor-429","status":"publish","type":"page","link":"https:\/\/mdvie.eu\/?page_id=429","title":{"rendered":"Assurance Vie \u00e0 primes p\u00e9riodiques"},"content":{"rendered":"\t\t<div data-elementor-type=\"wp-page\" data-elementor-id=\"429\" class=\"elementor elementor-429\">\n\t\t\t\t\t\t<section class=\"elementor-section elementor-top-section elementor-element elementor-element-57be580 elementor-section-boxed elementor-section-height-default elementor-section-height-default\" data-id=\"57be580\" data-element_type=\"section\" data-e-type=\"section\">\n\t\t\t\t\t\t<div class=\"elementor-container elementor-column-gap-default\">\n\t\t\t\t\t<div class=\"elementor-column elementor-col-100 elementor-top-column elementor-element elementor-element-7de5523\" data-id=\"7de5523\" data-element_type=\"column\" data-e-type=\"column\">\n\t\t\t<div class=\"elementor-widget-wrap elementor-element-populated\">\n\t\t\t\t\t\t<div class=\"elementor-element elementor-element-d1ca1cb elementor-widget elementor-widget-text-editor\" data-id=\"d1ca1cb\" data-element_type=\"widget\" data-e-type=\"widget\" data-widget_type=\"text-editor.default\">\n\t\t\t\t<div class=\"elementor-widget-container\">\n\t\t\t\t\t\t\t\t\t<div style=\"font-family: Helvetica, Arial, sans-serif; font-size: 13px; color: #0b1931; font-style: normal; font-variant-ligatures: normal; font-variant-caps: normal;\"><div style=\"margin-right: auto; margin-left: auto; font-family: Helvetica, Arial, sans-serif; font-size: 13px; background-image: url('..\/..\/..\/..\/..\/views\/images\/md-main-wrapper.jpg'); background-position: initial; background-size: initial; background-repeat: no-repeat; background-attachment: initial; background-origin: initial; background-clip: initial; width: 1024px; overflow: hidden;\"><div style=\"padding: 10px 35px; font-family: Helvetica, Arial, sans-serif; font-size: 13px; overflow: hidden;\"><div style=\"margin-left: 20px; font-family: Helvetica, Arial, sans-serif; font-size: 13px; float: left; width: 740px;\"><div style=\"margin-bottom: 20px; font-family: Helvetica, Arial, sans-serif; font-size: 13px; clear: left;\"><p style=\"margin-bottom: 10px; font-family: Helvetica, Arial, sans-serif; color: #ffcc00; clear: none; font-size: 18px;\"><b>OBJECTIF EPARGNE<\/b><\/p><p style=\"font-weight: 400; margin-bottom: 0px; padding-bottom: 10px; font-family: Helvetica, Arial, sans-serif; font-size: 13px; line-height: 16px;\">Courtier grossiste expert en assurance vie, MD Marketing Distribution a con\u00e7u le contrat OBJECTIF EPARGNE en partenariat avec Swiss Life pour s&rsquo;adapter \u00e0 vos besoin et \u00e0 votre profil. Constituez, valorisez, transmettez votre capital et percevez des revenus gr\u00e2ce \u00e0 ce contrat multisupports \u00e0 primes p\u00e9riodiques.<\/p><h2 style=\"font-weight: 400; margin-bottom: 10px; font-variant-ligatures: normal; font-variant-caps: normal; font-family: Helvetica, Arial, sans-serif; font-size: 18px; font-style: normal; color: #ffcc00; clear: none;\"><a style=\"font-variant-ligatures: normal; font-variant-caps: normal; font-family: Helvetica, Arial, sans-serif; font-size: 18px; font-style: normal; font-weight: 400; background-color: #ffffff; text-transform: none;\" href=\"https:\/\/mdvie.eu\/wp-content\/uploads\/2023\/07\/Objectif-Epargne-Fiche-Produit.pdf\">T\u00e9l\u00e9charger la fiche produit Objectif Epargne<\/a><\/h2><h2 style=\"font-weight: 400; margin-bottom: 10px; font-variant-ligatures: normal; font-variant-caps: normal; font-family: Helvetica, Arial, sans-serif; font-size: 18px; font-style: normal; color: #ffcc00; clear: none;\"><span style=\"font-family: Helvetica, Arial, sans-serif; font-size: 18px; font-weight: 600;\">\u00a0<\/span><\/h2><h2 style=\"font-weight: 400; margin-bottom: 10px; font-variant-ligatures: normal; font-variant-caps: normal; font-family: Helvetica, Arial, sans-serif; font-size: 18px; font-style: normal; color: #ffcc00; clear: none;\"><span style=\"font-family: Helvetica, Arial, sans-serif; font-size: 18px; font-weight: 600;\">PER FUTURA PREMIUM<\/span><\/h2><\/div><div style=\"font-weight: 400; margin-bottom: 20px; font-family: Helvetica, Arial, sans-serif; font-size: 13px; clear: left;\"><p style=\"margin-bottom: 0px; padding-bottom: 10px; font-family: Helvetica, Arial, sans-serif; font-size: 13px; line-height: 16px;\">Que vous soyez T.N.S ou salari\u00e9, pr\u00e9parer sa retraite, prot\u00e9ger son entourage en cas de d\u00e9c\u00e8s tout en b\u00e9n\u00e9ficiant de r\u00e9duction d&rsquo;imp\u00f4ts c&rsquo;est possible avec notre solution PERFUTURA Premium&#8230;. B\u00e9n\u00e9ficiez de frais d&rsquo;entr\u00e9e r\u00e9duits \u00e0 1,50%<\/p><p style=\"margin-bottom: 0px; padding-bottom: 10px; font-family: Helvetica, Arial, sans-serif; font-size: 13px; line-height: 16px;\"><a style=\"font-variant-ligatures: normal; font-variant-caps: normal; font-family: Helvetica, Arial, sans-serif; font-size: 18px; font-style: normal; font-weight: 400; background-color: #ffffff;\" href=\"https:\/\/mdvie.eu\/wp-content\/uploads\/2023\/04\/Perfutura-Fiche-Produit.pdf\">T\u00e9l\u00e9charger la fiche produit PER FUTURA PREMIUM<\/a><\/p><p style=\"margin-bottom: 0px; padding-bottom: 10px; font-family: Helvetica, Arial, sans-serif; font-size: 13px; line-height: 16px;\">\u00a0<\/p><\/div><\/div><\/div><\/div><\/div><div style=\"font-family: Helvetica, Arial, sans-serif; font-size: 13px; color: #0b1931; font-style: normal; font-variant-ligatures: normal; font-variant-caps: normal; font-weight: 400;\"><div style=\"margin-right: auto; margin-bottom: 5px; margin-left: auto; font-family: Helvetica, Arial, sans-serif; font-size: 13px; background: url('..\/..\/..\/..\/..\/views\/images\/marketing-distribution-footer.jpg') repeat-x; width: 1024px; height: 83px;\"><ul style=\"margin-top: 0px; margin-bottom: 0px; margin-left: 0px; padding-left: 40px; font-family: Helvetica, Arial, sans-serif; list-style: none; height: 25px; float: left;\"><li style=\"margin-bottom: 5px; padding-top: 3px; font-family: Helvetica, Arial, sans-serif; font-size: 13px; color: #ffcc00; list-style: none; background: none; line-height: 16px; float: left; display: block;\">\u00a0<\/li><\/ul><\/div><\/div>\t\t\t\t\t\t\t\t<\/div>\n\t\t\t\t<\/div>\n\t\t\t\t\t<\/div>\n\t\t<\/div>\n\t\t\t\t\t<\/div>\n\t\t<\/section>\n\t\t\t\t<\/div>\n\t\t","protected":false},"excerpt":{"rendered":"<p>OBJECTIF EPARGNE Courtier grossiste expert en assurance vie, MD Marketing Distribution a con\u00e7u le contrat OBJECTIF EPARGNE en partenariat avec Swiss Life pour s&rsquo;adapter \u00e0 vos besoin et \u00e0 votre profil. Constituez, valorisez, transmettez votre capital et percevez des revenus gr\u00e2ce \u00e0 ce contrat multisupports \u00e0 primes p\u00e9riodiques. T\u00e9l\u00e9charger la fiche produit Objectif Epargne \u00a0 [&hellip;]<\/p>\n","protected":false},"author":1,"featured_media":0,"parent":0,"menu_order":0,"comment_status":"closed","ping_status":"closed","template":"","meta":{"ocean_post_layout":"","ocean_both_sidebars_style":"","ocean_both_sidebars_content_width":0,"ocean_both_sidebars_sidebars_width":0,"ocean_sidebar":"0","ocean_second_sidebar":"0","ocean_disable_margins":"enable","ocean_add_body_class":"","ocean_shortcode_before_top_bar":"","ocean_shortcode_after_top_bar":"","ocean_shortcode_before_header":"","ocean_shortcode_after_header":"","ocean_has_shortcode":"","ocean_shortcode_after_title":"","ocean_shortcode_before_footer_widgets":"","ocean_shortcode_after_footer_widgets":"","ocean_shortcode_before_footer_bottom":"","ocean_shortcode_after_footer_bottom":"","ocean_display_top_bar":"default","ocean_display_header":"default","ocean_header_style":"","ocean_center_header_left_menu":"0","ocean_custom_header_template":"0","ocean_custom_logo":0,"ocean_custom_retina_logo":0,"ocean_custom_logo_max_width":0,"ocean_custom_logo_tablet_max_width":0,"ocean_custom_logo_mobile_max_width":0,"ocean_custom_logo_max_height":0,"ocean_custom_logo_tablet_max_height":0,"ocean_custom_logo_mobile_max_height":0,"ocean_header_custom_menu":"0","ocean_menu_typo_font_family":"0","ocean_menu_typo_font_subset":"","ocean_menu_typo_font_size":0,"ocean_menu_typo_font_size_tablet":0,"ocean_menu_typo_font_size_mobile":0,"ocean_menu_typo_font_size_unit":"px","ocean_menu_typo_font_weight":"","ocean_menu_typo_font_weight_tablet":"","ocean_menu_typo_font_weight_mobile":"","ocean_menu_typo_transform":"","ocean_menu_typo_transform_tablet":"","ocean_menu_typo_transform_mobile":"","ocean_menu_typo_line_height":0,"ocean_menu_typo_line_height_tablet":0,"ocean_menu_typo_line_height_mobile":0,"ocean_menu_typo_line_height_unit":"","ocean_menu_typo_spacing":0,"ocean_menu_typo_spacing_tablet":0,"ocean_menu_typo_spacing_mobile":0,"ocean_menu_typo_spacing_unit":"","ocean_menu_link_color":"","ocean_menu_link_color_hover":"","ocean_menu_link_color_active":"","ocean_menu_link_background":"","ocean_menu_link_hover_background":"","ocean_menu_link_active_background":"","ocean_menu_social_links_bg":"","ocean_menu_social_hover_links_bg":"","ocean_menu_social_links_color":"","ocean_menu_social_hover_links_color":"","ocean_disable_title":"default","ocean_disable_heading":"default","ocean_post_title":"","ocean_post_subheading":"","ocean_post_title_style":"","ocean_post_title_background_color":"","ocean_post_title_background":0,"ocean_post_title_bg_image_position":"","ocean_post_title_bg_image_attachment":"","ocean_post_title_bg_image_repeat":"","ocean_post_title_bg_image_size":"","ocean_post_title_height":0,"ocean_post_title_bg_overlay":0.5,"ocean_post_title_bg_overlay_color":"","ocean_disable_breadcrumbs":"default","ocean_breadcrumbs_color":"","ocean_breadcrumbs_separator_color":"","ocean_breadcrumbs_links_color":"","ocean_breadcrumbs_links_hover_color":"","ocean_display_footer_widgets":"default","ocean_display_footer_bottom":"default","ocean_custom_footer_template":"0","footnotes":""},"class_list":["post-429","page","type-page","status-publish","hentry","entry"],"yoast_head":"<!-- This site is optimized with the Yoast SEO plugin v27.6 - https:\/\/yoast.com\/product\/yoast-seo-wordpress\/ -->\n<title>Assurance Vie \u00e0 primes p\u00e9riodiques - MD VIE<\/title>\n<meta name=\"robots\" content=\"index, follow, max-snippet:-1, max-image-preview:large, max-video-preview:-1\" \/>\n<link rel=\"canonical\" href=\"https:\/\/mdvie.eu\/?page_id=429\" \/>\n<meta property=\"og:locale\" content=\"fr_FR\" \/>\n<meta property=\"og:type\" content=\"article\" \/>\n<meta property=\"og:title\" content=\"Assurance Vie \u00e0 primes p\u00e9riodiques - MD VIE\" \/>\n<meta property=\"og:description\" content=\"OBJECTIF EPARGNE Courtier grossiste expert en assurance vie, MD Marketing Distribution a con\u00e7u le contrat OBJECTIF EPARGNE en partenariat avec Swiss Life pour s&rsquo;adapter \u00e0 vos besoin et \u00e0 votre profil. Constituez, valorisez, transmettez votre capital et percevez des revenus gr\u00e2ce \u00e0 ce contrat multisupports \u00e0 primes p\u00e9riodiques. T\u00e9l\u00e9charger la fiche produit Objectif Epargne \u00a0 [&hellip;]\" \/>\n<meta property=\"og:url\" content=\"https:\/\/mdvie.eu\/?page_id=429\" \/>\n<meta property=\"og:site_name\" content=\"MD VIE\" \/>\n<meta property=\"article:modified_time\" content=\"2023-07-18T17:09:49+00:00\" \/>\n<meta name=\"twitter:card\" content=\"summary_large_image\" \/>\n<meta name=\"twitter:label1\" content=\"Dur\u00e9e de lecture estim\u00e9e\" \/>\n\t<meta name=\"twitter:data1\" content=\"1 minute\" \/>\n<script type=\"application\/ld+json\" class=\"yoast-schema-graph\">{\"@context\":\"https:\\\/\\\/schema.org\",\"@graph\":[{\"@type\":\"WebPage\",\"@id\":\"https:\\\/\\\/mdvie.eu\\\/?page_id=429\",\"url\":\"https:\\\/\\\/mdvie.eu\\\/?page_id=429\",\"name\":\"Assurance Vie \u00e0 primes p\u00e9riodiques - MD VIE\",\"isPartOf\":{\"@id\":\"https:\\\/\\\/mdvie.eu\\\/#website\"},\"datePublished\":\"2023-04-27T22:30:38+00:00\",\"dateModified\":\"2023-07-18T17:09:49+00:00\",\"breadcrumb\":{\"@id\":\"https:\\\/\\\/mdvie.eu\\\/?page_id=429#breadcrumb\"},\"inLanguage\":\"fr-FR\",\"potentialAction\":[{\"@type\":\"ReadAction\",\"target\":[\"https:\\\/\\\/mdvie.eu\\\/?page_id=429\"]}]},{\"@type\":\"BreadcrumbList\",\"@id\":\"https:\\\/\\\/mdvie.eu\\\/?page_id=429#breadcrumb\",\"itemListElement\":[{\"@type\":\"ListItem\",\"position\":1,\"name\":\"Accueil\",\"item\":\"https:\\\/\\\/mdvie.eu\\\/\"},{\"@type\":\"ListItem\",\"position\":2,\"name\":\"Assurance Vie \u00e0 primes p\u00e9riodiques\"}]},{\"@type\":\"WebSite\",\"@id\":\"https:\\\/\\\/mdvie.eu\\\/#website\",\"url\":\"https:\\\/\\\/mdvie.eu\\\/\",\"name\":\"MD VIE\",\"description\":\"\",\"publisher\":{\"@id\":\"https:\\\/\\\/mdvie.eu\\\/#organization\"},\"potentialAction\":[{\"@type\":\"SearchAction\",\"target\":{\"@type\":\"EntryPoint\",\"urlTemplate\":\"https:\\\/\\\/mdvie.eu\\\/?s={search_term_string}\"},\"query-input\":{\"@type\":\"PropertyValueSpecification\",\"valueRequired\":true,\"valueName\":\"search_term_string\"}}],\"inLanguage\":\"fr-FR\"},{\"@type\":\"Organization\",\"@id\":\"https:\\\/\\\/mdvie.eu\\\/#organization\",\"name\":\"MD VIE\",\"url\":\"https:\\\/\\\/mdvie.eu\\\/\",\"logo\":{\"@type\":\"ImageObject\",\"inLanguage\":\"fr-FR\",\"@id\":\"https:\\\/\\\/mdvie.eu\\\/#\\\/schema\\\/logo\\\/image\\\/\",\"url\":\"https:\\\/\\\/mdvie.eu\\\/wp-content\\\/uploads\\\/2022\\\/11\\\/cropped-mdlogo.png\",\"contentUrl\":\"https:\\\/\\\/mdvie.eu\\\/wp-content\\\/uploads\\\/2022\\\/11\\\/cropped-mdlogo.png\",\"width\":223,\"height\":232,\"caption\":\"MD VIE\"},\"image\":{\"@id\":\"https:\\\/\\\/mdvie.eu\\\/#\\\/schema\\\/logo\\\/image\\\/\"}}]}<\/script>\n<!-- \/ Yoast SEO plugin. -->","yoast_head_json":{"title":"Assurance Vie \u00e0 primes p\u00e9riodiques - MD VIE","robots":{"index":"index","follow":"follow","max-snippet":"max-snippet:-1","max-image-preview":"max-image-preview:large","max-video-preview":"max-video-preview:-1"},"canonical":"https:\/\/mdvie.eu\/?page_id=429","og_locale":"fr_FR","og_type":"article","og_title":"Assurance Vie \u00e0 primes p\u00e9riodiques - MD VIE","og_description":"OBJECTIF EPARGNE Courtier grossiste expert en assurance vie, MD Marketing Distribution a con\u00e7u le contrat OBJECTIF EPARGNE en partenariat avec Swiss Life pour s&rsquo;adapter \u00e0 vos besoin et \u00e0 votre profil. Constituez, valorisez, transmettez votre capital et percevez des revenus gr\u00e2ce \u00e0 ce contrat multisupports \u00e0 primes p\u00e9riodiques. T\u00e9l\u00e9charger la fiche produit Objectif Epargne \u00a0 [&hellip;]","og_url":"https:\/\/mdvie.eu\/?page_id=429","og_site_name":"MD VIE","article_modified_time":"2023-07-18T17:09:49+00:00","twitter_card":"summary_large_image","twitter_misc":{"Dur\u00e9e de lecture estim\u00e9e":"1 minute"},"schema":{"@context":"https:\/\/schema.org","@graph":[{"@type":"WebPage","@id":"https:\/\/mdvie.eu\/?page_id=429","url":"https:\/\/mdvie.eu\/?page_id=429","name":"Assurance Vie \u00e0 primes p\u00e9riodiques - MD VIE","isPartOf":{"@id":"https:\/\/mdvie.eu\/#website"},"datePublished":"2023-04-27T22:30:38+00:00","dateModified":"2023-07-18T17:09:49+00:00","breadcrumb":{"@id":"https:\/\/mdvie.eu\/?page_id=429#breadcrumb"},"inLanguage":"fr-FR","potentialAction":[{"@type":"ReadAction","target":["https:\/\/mdvie.eu\/?page_id=429"]}]},{"@type":"BreadcrumbList","@id":"https:\/\/mdvie.eu\/?page_id=429#breadcrumb","itemListElement":[{"@type":"ListItem","position":1,"name":"Accueil","item":"https:\/\/mdvie.eu\/"},{"@type":"ListItem","position":2,"name":"Assurance Vie \u00e0 primes p\u00e9riodiques"}]},{"@type":"WebSite","@id":"https:\/\/mdvie.eu\/#website","url":"https:\/\/mdvie.eu\/","name":"MD VIE","description":"","publisher":{"@id":"https:\/\/mdvie.eu\/#organization"},"potentialAction":[{"@type":"SearchAction","target":{"@type":"EntryPoint","urlTemplate":"https:\/\/mdvie.eu\/?s={search_term_string}"},"query-input":{"@type":"PropertyValueSpecification","valueRequired":true,"valueName":"search_term_string"}}],"inLanguage":"fr-FR"},{"@type":"Organization","@id":"https:\/\/mdvie.eu\/#organization","name":"MD VIE","url":"https:\/\/mdvie.eu\/","logo":{"@type":"ImageObject","inLanguage":"fr-FR","@id":"https:\/\/mdvie.eu\/#\/schema\/logo\/image\/","url":"https:\/\/mdvie.eu\/wp-content\/uploads\/2022\/11\/cropped-mdlogo.png","contentUrl":"https:\/\/mdvie.eu\/wp-content\/uploads\/2022\/11\/cropped-mdlogo.png","width":223,"height":232,"caption":"MD VIE"},"image":{"@id":"https:\/\/mdvie.eu\/#\/schema\/logo\/image\/"}}]}},"_links":{"self":[{"href":"https:\/\/mdvie.eu\/index.php?rest_route=\/wp\/v2\/pages\/429","targetHints":{"allow":["GET"]}}],"collection":[{"href":"https:\/\/mdvie.eu\/index.php?rest_route=\/wp\/v2\/pages"}],"about":[{"href":"https:\/\/mdvie.eu\/index.php?rest_route=\/wp\/v2\/types\/page"}],"author":[{"embeddable":true,"href":"https:\/\/mdvie.eu\/index.php?rest_route=\/wp\/v2\/users\/1"}],"replies":[{"embeddable":true,"href":"https:\/\/mdvie.eu\/index.php?rest_route=%2Fwp%2Fv2%2Fcomments&post=429"}],"version-history":[{"count":20,"href":"https:\/\/mdvie.eu\/index.php?rest_route=\/wp\/v2\/pages\/429\/revisions"}],"predecessor-version":[{"id":537,"href":"https:\/\/mdvie.eu\/index.php?rest_route=\/wp\/v2\/pages\/429\/revisions\/537"}],"wp:attachment":[{"href":"https:\/\/mdvie.eu\/index.php?rest_route=%2Fwp%2Fv2%2Fmedia&parent=429"}],"curies":[{"name":"wp","href":"https:\/\/api.w.org\/{rel}","templated":true}]}}