{"id":439,"date":"2023-04-28T00:33:34","date_gmt":"2023-04-27T22:33:34","guid":{"rendered":"https:\/\/mdvie.eu\/?page_id=439"},"modified":"2023-04-28T10:45:06","modified_gmt":"2023-04-28T08:45:06","slug":"assurance-dependance","status":"publish","type":"page","link":"https:\/\/mdvie.eu\/?page_id=439","title":{"rendered":"Assurance d\u00e9pendance"},"content":{"rendered":"\t\t<div data-elementor-type=\"wp-page\" data-elementor-id=\"439\" class=\"elementor elementor-439\">\n\t\t\t\t\t\t<section class=\"elementor-section elementor-top-section elementor-element elementor-element-88b01b5 elementor-section-content-middle elementor-section-boxed elementor-section-height-default elementor-section-height-default\" data-id=\"88b01b5\" data-element_type=\"section\" data-e-type=\"section\">\n\t\t\t\t\t\t<div class=\"elementor-container elementor-column-gap-default\">\n\t\t\t\t\t<div class=\"elementor-column elementor-col-100 elementor-top-column elementor-element elementor-element-72b5bb8\" data-id=\"72b5bb8\" data-element_type=\"column\" data-e-type=\"column\">\n\t\t\t<div class=\"elementor-widget-wrap elementor-element-populated\">\n\t\t\t\t\t\t<div class=\"elementor-element elementor-element-c8838b9 elementor-widget elementor-widget-text-editor\" data-id=\"c8838b9\" data-element_type=\"widget\" data-e-type=\"widget\" data-widget_type=\"text-editor.default\">\n\t\t\t\t<div class=\"elementor-widget-container\">\n\t\t\t\t\t\t\t\t\t<table style=\"margin-bottom: 0px; font-family: Helvetica, Arial, sans-serif; color: #0b1931; font-size: 13px; font-style: normal; font-variant-ligatures: normal; font-variant-caps: normal; font-weight: 400; width: 950px;\" border=\"0\" cellspacing=\"0\" cellpadding=\"0\">\n<tbody>\n<tr style=\"font-family: Helvetica, Arial, sans-serif;\">\n<td style=\"padding: 0px; border-bottom: 0px; font-family: Helvetica, Arial, sans-serif; font-size: 13px;\" width=\"740\">\n<h1 style=\"margin-bottom: 6px; padding-top: 5px; padding-bottom: 4px; font-family: Helvetica, Arial, sans-serif; color: #ffcc00; clear: both; font-size: 40px; font-weight: normal; text-align: center;\">MD DEPENDANCE<\/h1>\n<h3 style=\"margin-bottom: 8px; padding-bottom: 6px; font-family: Helvetica, Arial, sans-serif; color: #283d61; clear: both; font-size: 13px; text-align: center;\">EN CAS DE DEPENDANCE TOTALE, VOUS SOUHAITEZ VOUS PROTEGER VOUS ET VOTRE FAMILLE, FACE AUX ENJEUX FINANCIERS ET ORGANISATIONNELS ?<\/h3>\n<p style=\"margin-bottom: 0px; padding-bottom: 10px; font-family: Helvetica, Arial, sans-serif; font-size: 13px; line-height: 16px; text-align: center;\">MD Marketing Distribution, en partenariat avec Praeconis, vous propose une solution qui r\u00e9pond \u00e0 cet objectif :<\/p>\n<p style=\"margin-bottom: 0px; padding-bottom: 10px; font-family: Helvetica, Arial, sans-serif; font-size: 13px; line-height: 16px; text-align: center;\">le contrat&nbsp;<strong>MD D\u00e9pendance<\/strong>.<\/p>\n<p style=\"margin-bottom: 0px; padding-bottom: 10px; font-family: Helvetica, Arial, sans-serif; font-size: 13px; line-height: 16px; text-align: justify;\">\n<\/p><h3 style=\"margin-bottom: 8px; padding-bottom: 6px; font-family: Helvetica, Arial, sans-serif; color: #283d61; clear: both; font-size: 13px; text-align: center;\"><img fetchpriority=\"high\" decoding=\"async\" class=\"alignnone size-full wp-image-489\" src=\"https:\/\/mdvie.eu\/wp-content\/uploads\/2023\/04\/md-dependance-bandeau-1.jpg\" alt=\"\" width=\"740\" height=\"155\" srcset=\"https:\/\/mdvie.eu\/wp-content\/uploads\/2023\/04\/md-dependance-bandeau-1.jpg 740w, https:\/\/mdvie.eu\/wp-content\/uploads\/2023\/04\/md-dependance-bandeau-1-300x63.jpg 300w\" sizes=\"(max-width: 740px) 100vw, 740px\" \/><\/h3>\n<p style=\"margin-bottom: 0px; padding-bottom: 10px; font-family: Helvetica, Arial, sans-serif; font-size: 13px; line-height: 16px; text-align: justify;\">\n<\/p><p style=\"margin-bottom: 0px; padding-bottom: 10px; font-family: Helvetica, Arial, sans-serif; font-size: 13px; line-height: 16px;\"><strong><span style=\"font-size: medium;\">LES<span style=\"color: #ea9d14;\">&nbsp;+&nbsp;<\/span>DU CONTRAT MD DEPENDANCE<\/span><\/strong><\/p>\n<p style=\"margin-bottom: 0px; padding-bottom: 10px; font-family: Helvetica, Arial, sans-serif; font-size: 13px; line-height: 16px;\"><span style=\"text-align: justify;\"><strong>La perte d&rsquo;autonomie, ou d\u00e9pendance<\/strong>, se d\u00e9finit par l&rsquo;impossibilit\u00e9 pour une personne d&rsquo;effectuer par elle-m\u00eame certains actes de la vie courante ou quotidienne (la toilette, l&rsquo;alimentation, l&rsquo;habillement, le d\u00e9placement, les transferts, la continence) dans son environnement habituel.<\/span><\/p>\n<p style=\"margin-bottom: 0px; padding-bottom: 10px; font-family: Helvetica, Arial, sans-serif; font-size: 13px; line-height: 16px;\"><span style=\"text-align: justify;\">Celle-ci peut survenir de fa\u00e7on brutale \u00e0 la suite d&rsquo;un accident, d&rsquo;un choc psychologique, d&rsquo;une maladie ou s&rsquo;intaller de fa\u00e7on progressive et entra\u00eener un besoin d&rsquo;aide.<\/span><\/p>\n<p style=\"margin-bottom: 0px; padding-bottom: 10px; font-family: Helvetica, Arial, sans-serif; font-size: 13px; line-height: 16px;\"><span style=\"text-align: justify;\">Cette d\u00e9pendance peut engendrer d&rsquo;importantes d\u00e9penses. Face \u00e0 ces enjeux financiers, il est donc essentiel de se couvrir en souscrivant une assurance qui vous permettra d&rsquo;assumer ces charges financi\u00e8res.<\/span><\/p>\n<p style=\"margin-bottom: 0px; padding-bottom: 10px; font-family: Helvetica, Arial, sans-serif; font-size: 13px; line-height: 16px;\"><span style=\"text-align: justify;\">Le contrat&nbsp;<strong>MD D\u00e9pendance<\/strong>&nbsp;vous assure&nbsp;<strong>le versement d&rsquo;un capital<\/strong>&nbsp;dans les cas suivants :<\/span><\/p>\n<p style=\"margin-bottom: 0px; padding-bottom: 10px; font-family: Helvetica, Arial, sans-serif; font-size: 13px; line-height: 16px;\"><span style=\"text-align: justify;\">\u2022&nbsp;<strong>La d\u00e9pendance totale<\/strong>&nbsp;: un capital choisi lors de l&rsquo;adh\u00e9sion, d&rsquo;un montant allant de 1 000 \u00e0 25 000 euros (par tranche de 1 000 euros) est vers\u00e9 en une ou plusieurs fois.<\/span><\/p>\n<p style=\"margin-bottom: 0px; padding-bottom: 10px; font-family: Helvetica, Arial, sans-serif; font-size: 13px; line-height: 16px;\"><span style=\"text-align: justify;\">\u2022&nbsp;<strong>L&rsquo;hospitalisation suite \u00e0 un accident<\/strong>&nbsp;: une indemnit\u00e9 journali\u00e8re hospitalisation de 15 euros par jour est vers\u00e9e pendant une dur\u00e9e maximum d&rsquo;un an.<\/span><\/p>\n<p style=\"margin-bottom: 0px; padding-bottom: 10px; font-family: Helvetica, Arial, sans-serif; font-size: 13px; line-height: 16px;\"><span style=\"text-align: justify;\">\u2022&nbsp;<strong>La Perte Totale et Irr\u00e9versible d&rsquo;Autonomie<\/strong>&nbsp;suite \u00e0 un accident : paiement d&rsquo;un capital d&rsquo;un montant allant de 3 000 \u00e0 75 000 euros.<\/span><\/p>\n<p style=\"margin-bottom: 0px; padding-bottom: 10px; font-family: Helvetica, Arial, sans-serif; font-size: 13px; line-height: 16px;\"><span style=\"text-align: justify;\">\u2022&nbsp;<strong>Le d\u00e9c\u00e8s accidentel<\/strong>&nbsp;: paiement d&rsquo;un capital d&rsquo;un montant allant de 3 000 \u00e0 75 000 euros.<\/span><\/p>\n<p style=\"margin-bottom: 0px; padding-bottom: 10px; font-family: Helvetica, Arial, sans-serif; font-size: 13px; line-height: 16px;\"><span style=\"text-align: justify;\">Le contrat&nbsp;<strong>MD D\u00e9pendance<\/strong>&nbsp;est un contrat collectif \u00e0 adh\u00e9sion facultative, qui permet de garantir aux assur\u00e9s \u00e0 jour de cotisations, le versement d&rsquo;un capital au 91\u00e8me jour suivant la reconnaissance de l&rsquo;\u00e9tat de d\u00e9pendance par l&rsquo;assureur, et ainsi de prot\u00e9ger leurs proches de d\u00e9penses financi\u00e8res cons\u00e9quentes.<\/span><\/p>\n<p style=\"margin-bottom: 0px; padding-bottom: 10px; font-family: Helvetica, Arial, sans-serif; font-size: 13px; line-height: 16px;\"><span style=\"text-align: justify;\">L&rsquo;adh\u00e9sion au contrat&nbsp;<strong>MD D\u00e9pendance<\/strong>&nbsp;ne n\u00e9cessite&nbsp;<strong>aucune formalit\u00e9 m\u00e9dicale<\/strong>, une simple d\u00e9claration de non d\u00e9pendance vous sera demand\u00e9e.<\/span><\/p>\n<p style=\"margin-bottom: 0px; padding-bottom: 10px; font-family: Helvetica, Arial, sans-serif; font-size: 13px; line-height: 16px;\"><span style=\"text-align: justify;\"><strong>Une assistance d\u00e9di\u00e9e<\/strong>&nbsp;(t\u00e9l\u00e9phone, e-mail, courrier) pour r\u00e9pondre \u00e0 vos questions et vous guider en toutes circonstances : informations pratiques et jusridiques sur la d\u00e9pendance, aide au d\u00e9m\u00e9nagement&#8230;<br style=\"margin: 0px; padding: 0px; border: 0px; outline: 0px;\"><\/span><\/p>\n<\/td>\n<td style=\"padding: 0px; border-bottom: 0px; font-family: Helvetica, Arial, sans-serif; font-size: 13px;\" width=\"40\">&nbsp;<\/td>\n<td style=\"padding: 0px; border-bottom: 0px; font-family: Helvetica, Arial, sans-serif; font-size: 13px;\" valign=\"top\" width=\"260\">\n<p style=\"margin-bottom: 0px; padding-bottom: 10px; font-family: Helvetica, Arial, sans-serif; font-size: 13px; line-height: 16px;\">\n<\/p><p style=\"margin-bottom: 0px; padding-bottom: 10px; font-family: Helvetica, Arial, sans-serif; font-size: 13px; line-height: 16px;\">\n<\/p><\/td>\n<\/tr>\n<\/tbody>\n<\/table>\n<p style=\"margin-bottom: 0px; padding-bottom: 10px; font-family: Helvetica, Arial, sans-serif; font-size: 13px; color: #0b1931; line-height: 16px; font-style: normal; font-variant-ligatures: normal; font-variant-caps: normal; font-weight: 400;\">\n<\/p><h2 style=\"margin-bottom: 8px; padding-bottom: 8px; font-family: Helvetica, Arial, sans-serif; color: #ffcc00; clear: both; font-size: 18px; font-style: normal; font-variant-ligatures: normal; font-variant-caps: normal; text-transform: none;\">Nous attirons votre attention sur le fait que :<\/h2>\n<p style=\"margin-bottom: 0px; padding-bottom: 10px; font-family: Helvetica, Arial, sans-serif; font-size: 13px; color: #0b1931; line-height: 16px; font-style: normal; font-variant-ligatures: normal; font-variant-caps: normal; font-weight: 400;\">Le produit MD D\u00e9pendance s&rsquo;inscrit dans le temps et impose un versement r\u00e9gulier des cotisations pr\u00e9vues au contrat.<\/p>\n<p style=\"margin-bottom: 0px; padding-bottom: 10px; font-family: Helvetica, Arial, sans-serif; font-size: 13px; color: #0b1931; line-height: 16px; font-style: normal; font-variant-ligatures: normal; font-variant-caps: normal; font-weight: 400;\">Il appartient \u00e0 l&rsquo;adh\u00e9rent de d\u00e9signer les b\u00e9n\u00e9ficiaires au moment de l&rsquo;adh\u00e9sion ou ult\u00e9rieurement par avenant.&nbsp;<\/p><p style=\"margin-bottom: 0px; padding-bottom: 10px; font-family: Helvetica, Arial, sans-serif; font-size: 13px; color: #0b1931; line-height: 16px; font-style: normal; font-variant-ligatures: normal; font-variant-caps: normal; font-weight: 400;\">A d\u00e9faut, les b\u00e9n\u00e9ficiaires seront le conjoint, \u00e0 d\u00e9faut les enfants de l&rsquo;assur\u00e9 n\u00e9s ou \u00e0 na\u00eetre, vivants ou repr\u00e9sent\u00e9s,&nbsp;<\/p><p style=\"margin-bottom: 0px; padding-bottom: 10px; font-family: Helvetica, Arial, sans-serif; font-size: 13px; color: #0b1931; line-height: 16px; font-style: normal; font-variant-ligatures: normal; font-variant-caps: normal; font-weight: 400;\">parts \u00e9gales entre eux, \u00e0 d\u00e9faut les h\u00e9ritiers l\u00e9gaux.<\/p><p style=\"margin-bottom: 0px; padding-bottom: 10px; font-family: Helvetica, Arial, sans-serif; font-size: 13px; color: #0b1931; line-height: 16px; font-style: normal; font-variant-ligatures: normal; font-variant-caps: normal; font-weight: 400;\"><br><\/p>\n<p style=\"margin-bottom: 0px; padding-bottom: 10px; font-family: Helvetica, Arial, sans-serif; font-size: 13px; color: #0b1931; line-height: 16px; font-style: normal; font-variant-ligatures: normal; font-variant-caps: normal; font-weight: 400;\"><img decoding=\"async\" class=\"alignnone size-full wp-image-483\" src=\"https:\/\/mdvie.eu\/wp-content\/uploads\/2023\/04\/md-dependance-frais.jpg\" alt=\"\" width=\"803\" height=\"331\" srcset=\"https:\/\/mdvie.eu\/wp-content\/uploads\/2023\/04\/md-dependance-frais.jpg 803w, https:\/\/mdvie.eu\/wp-content\/uploads\/2023\/04\/md-dependance-frais-300x124.jpg 300w, https:\/\/mdvie.eu\/wp-content\/uploads\/2023\/04\/md-dependance-frais-768x317.jpg 768w, https:\/\/mdvie.eu\/wp-content\/uploads\/2023\/04\/md-dependance-frais-800x331.jpg 800w\" sizes=\"(max-width: 803px) 100vw, 803px\" \/><\/p>\n<h3 style=\"margin-bottom: 8px; padding-bottom: 6px; font-family: Helvetica, Arial, sans-serif; color: #283d61; clear: both; font-size: 13px; font-style: normal; font-variant-ligatures: normal; font-variant-caps: normal; text-transform: none;\"><a href=\"https:\/\/mdvie.eu\/wp-content\/uploads\/2023\/04\/MD-Dependance-fiche-produit-v.032017.pdf\">MD D\u00e9pendance fiche produit v.032017<\/a><\/h3>\t\t\t\t\t\t\t\t<\/div>\n\t\t\t\t<\/div>\n\t\t\t\t\t<\/div>\n\t\t<\/div>\n\t\t\t\t\t<\/div>\n\t\t<\/section>\n\t\t\t\t<\/div>\n\t\t","protected":false},"excerpt":{"rendered":"<p>MD DEPENDANCE EN CAS DE DEPENDANCE TOTALE, VOUS SOUHAITEZ VOUS PROTEGER VOUS ET VOTRE FAMILLE, FACE AUX ENJEUX FINANCIERS ET ORGANISATIONNELS ? MD Marketing Distribution, en partenariat avec Praeconis, vous propose une solution qui r\u00e9pond \u00e0 cet objectif : le contrat&nbsp;MD D\u00e9pendance. LES&nbsp;+&nbsp;DU CONTRAT MD DEPENDANCE La perte d&rsquo;autonomie, ou d\u00e9pendance, se d\u00e9finit par l&rsquo;impossibilit\u00e9 [&hellip;]<\/p>\n","protected":false},"author":1,"featured_media":0,"parent":0,"menu_order":0,"comment_status":"closed","ping_status":"closed","template":"","meta":{"ocean_post_layout":"","ocean_both_sidebars_style":"","ocean_both_sidebars_content_width":0,"ocean_both_sidebars_sidebars_width":0,"ocean_sidebar":"0","ocean_second_sidebar":"0","ocean_disable_margins":"enable","ocean_add_body_class":"","ocean_shortcode_before_top_bar":"","ocean_shortcode_after_top_bar":"","ocean_shortcode_before_header":"","ocean_shortcode_after_header":"","ocean_has_shortcode":"","ocean_shortcode_after_title":"","ocean_shortcode_before_footer_widgets":"","ocean_shortcode_after_footer_widgets":"","ocean_shortcode_before_footer_bottom":"","ocean_shortcode_after_footer_bottom":"","ocean_display_top_bar":"default","ocean_display_header":"default","ocean_header_style":"","ocean_center_header_left_menu":"0","ocean_custom_header_template":"0","ocean_custom_logo":0,"ocean_custom_retina_logo":0,"ocean_custom_logo_max_width":0,"ocean_custom_logo_tablet_max_width":0,"ocean_custom_logo_mobile_max_width":0,"ocean_custom_logo_max_height":0,"ocean_custom_logo_tablet_max_height":0,"ocean_custom_logo_mobile_max_height":0,"ocean_header_custom_menu":"0","ocean_menu_typo_font_family":"0","ocean_menu_typo_font_subset":"","ocean_menu_typo_font_size":0,"ocean_menu_typo_font_size_tablet":0,"ocean_menu_typo_font_size_mobile":0,"ocean_menu_typo_font_size_unit":"px","ocean_menu_typo_font_weight":"","ocean_menu_typo_font_weight_tablet":"","ocean_menu_typo_font_weight_mobile":"","ocean_menu_typo_transform":"","ocean_menu_typo_transform_tablet":"","ocean_menu_typo_transform_mobile":"","ocean_menu_typo_line_height":0,"ocean_menu_typo_line_height_tablet":0,"ocean_menu_typo_line_height_mobile":0,"ocean_menu_typo_line_height_unit":"","ocean_menu_typo_spacing":0,"ocean_menu_typo_spacing_tablet":0,"ocean_menu_typo_spacing_mobile":0,"ocean_menu_typo_spacing_unit":"","ocean_menu_link_color":"","ocean_menu_link_color_hover":"","ocean_menu_link_color_active":"","ocean_menu_link_background":"","ocean_menu_link_hover_background":"","ocean_menu_link_active_background":"","ocean_menu_social_links_bg":"","ocean_menu_social_hover_links_bg":"","ocean_menu_social_links_color":"","ocean_menu_social_hover_links_color":"","ocean_disable_title":"default","ocean_disable_heading":"default","ocean_post_title":"","ocean_post_subheading":"","ocean_post_title_style":"","ocean_post_title_background_color":"","ocean_post_title_background":0,"ocean_post_title_bg_image_position":"","ocean_post_title_bg_image_attachment":"","ocean_post_title_bg_image_repeat":"","ocean_post_title_bg_image_size":"","ocean_post_title_height":0,"ocean_post_title_bg_overlay":0.5,"ocean_post_title_bg_overlay_color":"","ocean_disable_breadcrumbs":"default","ocean_breadcrumbs_color":"","ocean_breadcrumbs_separator_color":"","ocean_breadcrumbs_links_color":"","ocean_breadcrumbs_links_hover_color":"","ocean_display_footer_widgets":"default","ocean_display_footer_bottom":"default","ocean_custom_footer_template":"0","footnotes":""},"class_list":["post-439","page","type-page","status-publish","hentry","entry"],"yoast_head":"<!-- This site is optimized with the Yoast SEO plugin v27.6 - https:\/\/yoast.com\/product\/yoast-seo-wordpress\/ -->\n<title>Assurance d\u00e9pendance - MD VIE<\/title>\n<meta name=\"robots\" content=\"index, follow, max-snippet:-1, max-image-preview:large, max-video-preview:-1\" \/>\n<link rel=\"canonical\" href=\"https:\/\/mdvie.eu\/?page_id=439\" \/>\n<meta property=\"og:locale\" content=\"fr_FR\" \/>\n<meta property=\"og:type\" content=\"article\" \/>\n<meta property=\"og:title\" content=\"Assurance d\u00e9pendance - MD VIE\" \/>\n<meta property=\"og:description\" content=\"MD DEPENDANCE EN CAS DE DEPENDANCE TOTALE, VOUS SOUHAITEZ VOUS PROTEGER VOUS ET VOTRE FAMILLE, FACE AUX ENJEUX FINANCIERS ET ORGANISATIONNELS ? MD Marketing Distribution, en partenariat avec Praeconis, vous propose une solution qui r\u00e9pond \u00e0 cet objectif : le contrat&nbsp;MD D\u00e9pendance. LES&nbsp;+&nbsp;DU CONTRAT MD DEPENDANCE La perte d&rsquo;autonomie, ou d\u00e9pendance, se d\u00e9finit par l&rsquo;impossibilit\u00e9 [&hellip;]\" \/>\n<meta property=\"og:url\" content=\"https:\/\/mdvie.eu\/?page_id=439\" \/>\n<meta property=\"og:site_name\" content=\"MD VIE\" \/>\n<meta property=\"article:modified_time\" content=\"2023-04-28T08:45:06+00:00\" \/>\n<meta property=\"og:image\" content=\"https:\/\/mdvie.eu\/wp-content\/uploads\/2023\/04\/md-dependance-bandeau-1.jpg\" \/>\n<meta name=\"twitter:card\" content=\"summary_large_image\" \/>\n<meta name=\"twitter:label1\" content=\"Dur\u00e9e de lecture estim\u00e9e\" \/>\n\t<meta name=\"twitter:data1\" content=\"3 minutes\" \/>\n<script type=\"application\/ld+json\" class=\"yoast-schema-graph\">{\"@context\":\"https:\\\/\\\/schema.org\",\"@graph\":[{\"@type\":\"WebPage\",\"@id\":\"https:\\\/\\\/mdvie.eu\\\/?page_id=439\",\"url\":\"https:\\\/\\\/mdvie.eu\\\/?page_id=439\",\"name\":\"Assurance d\u00e9pendance - MD VIE\",\"isPartOf\":{\"@id\":\"https:\\\/\\\/mdvie.eu\\\/#website\"},\"primaryImageOfPage\":{\"@id\":\"https:\\\/\\\/mdvie.eu\\\/?page_id=439#primaryimage\"},\"image\":{\"@id\":\"https:\\\/\\\/mdvie.eu\\\/?page_id=439#primaryimage\"},\"thumbnailUrl\":\"https:\\\/\\\/mdvie.eu\\\/wp-content\\\/uploads\\\/2023\\\/04\\\/md-dependance-bandeau-1.jpg\",\"datePublished\":\"2023-04-27T22:33:34+00:00\",\"dateModified\":\"2023-04-28T08:45:06+00:00\",\"breadcrumb\":{\"@id\":\"https:\\\/\\\/mdvie.eu\\\/?page_id=439#breadcrumb\"},\"inLanguage\":\"fr-FR\",\"potentialAction\":[{\"@type\":\"ReadAction\",\"target\":[\"https:\\\/\\\/mdvie.eu\\\/?page_id=439\"]}]},{\"@type\":\"ImageObject\",\"inLanguage\":\"fr-FR\",\"@id\":\"https:\\\/\\\/mdvie.eu\\\/?page_id=439#primaryimage\",\"url\":\"https:\\\/\\\/mdvie.eu\\\/wp-content\\\/uploads\\\/2023\\\/04\\\/md-dependance-bandeau-1.jpg\",\"contentUrl\":\"https:\\\/\\\/mdvie.eu\\\/wp-content\\\/uploads\\\/2023\\\/04\\\/md-dependance-bandeau-1.jpg\",\"width\":740,\"height\":155},{\"@type\":\"BreadcrumbList\",\"@id\":\"https:\\\/\\\/mdvie.eu\\\/?page_id=439#breadcrumb\",\"itemListElement\":[{\"@type\":\"ListItem\",\"position\":1,\"name\":\"Accueil\",\"item\":\"https:\\\/\\\/mdvie.eu\\\/\"},{\"@type\":\"ListItem\",\"position\":2,\"name\":\"Assurance d\u00e9pendance\"}]},{\"@type\":\"WebSite\",\"@id\":\"https:\\\/\\\/mdvie.eu\\\/#website\",\"url\":\"https:\\\/\\\/mdvie.eu\\\/\",\"name\":\"MD VIE\",\"description\":\"\",\"publisher\":{\"@id\":\"https:\\\/\\\/mdvie.eu\\\/#organization\"},\"potentialAction\":[{\"@type\":\"SearchAction\",\"target\":{\"@type\":\"EntryPoint\",\"urlTemplate\":\"https:\\\/\\\/mdvie.eu\\\/?s={search_term_string}\"},\"query-input\":{\"@type\":\"PropertyValueSpecification\",\"valueRequired\":true,\"valueName\":\"search_term_string\"}}],\"inLanguage\":\"fr-FR\"},{\"@type\":\"Organization\",\"@id\":\"https:\\\/\\\/mdvie.eu\\\/#organization\",\"name\":\"MD VIE\",\"url\":\"https:\\\/\\\/mdvie.eu\\\/\",\"logo\":{\"@type\":\"ImageObject\",\"inLanguage\":\"fr-FR\",\"@id\":\"https:\\\/\\\/mdvie.eu\\\/#\\\/schema\\\/logo\\\/image\\\/\",\"url\":\"https:\\\/\\\/mdvie.eu\\\/wp-content\\\/uploads\\\/2022\\\/11\\\/cropped-mdlogo.png\",\"contentUrl\":\"https:\\\/\\\/mdvie.eu\\\/wp-content\\\/uploads\\\/2022\\\/11\\\/cropped-mdlogo.png\",\"width\":223,\"height\":232,\"caption\":\"MD VIE\"},\"image\":{\"@id\":\"https:\\\/\\\/mdvie.eu\\\/#\\\/schema\\\/logo\\\/image\\\/\"}}]}<\/script>\n<!-- \/ Yoast SEO plugin. -->","yoast_head_json":{"title":"Assurance d\u00e9pendance - MD VIE","robots":{"index":"index","follow":"follow","max-snippet":"max-snippet:-1","max-image-preview":"max-image-preview:large","max-video-preview":"max-video-preview:-1"},"canonical":"https:\/\/mdvie.eu\/?page_id=439","og_locale":"fr_FR","og_type":"article","og_title":"Assurance d\u00e9pendance - MD VIE","og_description":"MD DEPENDANCE EN CAS DE DEPENDANCE TOTALE, VOUS SOUHAITEZ VOUS PROTEGER VOUS ET VOTRE FAMILLE, FACE AUX ENJEUX FINANCIERS ET ORGANISATIONNELS ? MD Marketing Distribution, en partenariat avec Praeconis, vous propose une solution qui r\u00e9pond \u00e0 cet objectif : le contrat&nbsp;MD D\u00e9pendance. LES&nbsp;+&nbsp;DU CONTRAT MD DEPENDANCE La perte d&rsquo;autonomie, ou d\u00e9pendance, se d\u00e9finit par l&rsquo;impossibilit\u00e9 [&hellip;]","og_url":"https:\/\/mdvie.eu\/?page_id=439","og_site_name":"MD VIE","article_modified_time":"2023-04-28T08:45:06+00:00","og_image":[{"url":"https:\/\/mdvie.eu\/wp-content\/uploads\/2023\/04\/md-dependance-bandeau-1.jpg","type":"","width":"","height":""}],"twitter_card":"summary_large_image","twitter_misc":{"Dur\u00e9e de lecture estim\u00e9e":"3 minutes"},"schema":{"@context":"https:\/\/schema.org","@graph":[{"@type":"WebPage","@id":"https:\/\/mdvie.eu\/?page_id=439","url":"https:\/\/mdvie.eu\/?page_id=439","name":"Assurance d\u00e9pendance - MD VIE","isPartOf":{"@id":"https:\/\/mdvie.eu\/#website"},"primaryImageOfPage":{"@id":"https:\/\/mdvie.eu\/?page_id=439#primaryimage"},"image":{"@id":"https:\/\/mdvie.eu\/?page_id=439#primaryimage"},"thumbnailUrl":"https:\/\/mdvie.eu\/wp-content\/uploads\/2023\/04\/md-dependance-bandeau-1.jpg","datePublished":"2023-04-27T22:33:34+00:00","dateModified":"2023-04-28T08:45:06+00:00","breadcrumb":{"@id":"https:\/\/mdvie.eu\/?page_id=439#breadcrumb"},"inLanguage":"fr-FR","potentialAction":[{"@type":"ReadAction","target":["https:\/\/mdvie.eu\/?page_id=439"]}]},{"@type":"ImageObject","inLanguage":"fr-FR","@id":"https:\/\/mdvie.eu\/?page_id=439#primaryimage","url":"https:\/\/mdvie.eu\/wp-content\/uploads\/2023\/04\/md-dependance-bandeau-1.jpg","contentUrl":"https:\/\/mdvie.eu\/wp-content\/uploads\/2023\/04\/md-dependance-bandeau-1.jpg","width":740,"height":155},{"@type":"BreadcrumbList","@id":"https:\/\/mdvie.eu\/?page_id=439#breadcrumb","itemListElement":[{"@type":"ListItem","position":1,"name":"Accueil","item":"https:\/\/mdvie.eu\/"},{"@type":"ListItem","position":2,"name":"Assurance d\u00e9pendance"}]},{"@type":"WebSite","@id":"https:\/\/mdvie.eu\/#website","url":"https:\/\/mdvie.eu\/","name":"MD VIE","description":"","publisher":{"@id":"https:\/\/mdvie.eu\/#organization"},"potentialAction":[{"@type":"SearchAction","target":{"@type":"EntryPoint","urlTemplate":"https:\/\/mdvie.eu\/?s={search_term_string}"},"query-input":{"@type":"PropertyValueSpecification","valueRequired":true,"valueName":"search_term_string"}}],"inLanguage":"fr-FR"},{"@type":"Organization","@id":"https:\/\/mdvie.eu\/#organization","name":"MD VIE","url":"https:\/\/mdvie.eu\/","logo":{"@type":"ImageObject","inLanguage":"fr-FR","@id":"https:\/\/mdvie.eu\/#\/schema\/logo\/image\/","url":"https:\/\/mdvie.eu\/wp-content\/uploads\/2022\/11\/cropped-mdlogo.png","contentUrl":"https:\/\/mdvie.eu\/wp-content\/uploads\/2022\/11\/cropped-mdlogo.png","width":223,"height":232,"caption":"MD VIE"},"image":{"@id":"https:\/\/mdvie.eu\/#\/schema\/logo\/image\/"}}]}},"_links":{"self":[{"href":"https:\/\/mdvie.eu\/index.php?rest_route=\/wp\/v2\/pages\/439","targetHints":{"allow":["GET"]}}],"collection":[{"href":"https:\/\/mdvie.eu\/index.php?rest_route=\/wp\/v2\/pages"}],"about":[{"href":"https:\/\/mdvie.eu\/index.php?rest_route=\/wp\/v2\/types\/page"}],"author":[{"embeddable":true,"href":"https:\/\/mdvie.eu\/index.php?rest_route=\/wp\/v2\/users\/1"}],"replies":[{"embeddable":true,"href":"https:\/\/mdvie.eu\/index.php?rest_route=%2Fwp%2Fv2%2Fcomments&post=439"}],"version-history":[{"count":14,"href":"https:\/\/mdvie.eu\/index.php?rest_route=\/wp\/v2\/pages\/439\/revisions"}],"predecessor-version":[{"id":499,"href":"https:\/\/mdvie.eu\/index.php?rest_route=\/wp\/v2\/pages\/439\/revisions\/499"}],"wp:attachment":[{"href":"https:\/\/mdvie.eu\/index.php?rest_route=%2Fwp%2Fv2%2Fmedia&parent=439"}],"curies":[{"name":"wp","href":"https:\/\/api.w.org\/{rel}","templated":true}]}}