{"id":48,"date":"2022-11-26T22:41:06","date_gmt":"2022-11-26T21:41:06","guid":{"rendered":"https:\/\/mdvie.eu\/?page_id=48"},"modified":"2022-11-29T22:55:00","modified_gmt":"2022-11-29T21:55:00","slug":"mentions-legales","status":"publish","type":"page","link":"https:\/\/mdvie.eu\/?page_id=48","title":{"rendered":"Mentions L\u00e9gales"},"content":{"rendered":"\t\t<div data-elementor-type=\"wp-page\" data-elementor-id=\"48\" class=\"elementor elementor-48\">\n\t\t\t\t\t\t<section class=\"elementor-section elementor-top-section elementor-element elementor-element-dd5a4f3 elementor-section-boxed elementor-section-height-default elementor-section-height-default\" data-id=\"dd5a4f3\" data-element_type=\"section\" data-e-type=\"section\">\n\t\t\t\t\t\t<div class=\"elementor-container elementor-column-gap-default\">\n\t\t\t\t\t<div class=\"elementor-column elementor-col-100 elementor-top-column elementor-element elementor-element-43118a2\" data-id=\"43118a2\" data-element_type=\"column\" data-e-type=\"column\">\n\t\t\t<div class=\"elementor-widget-wrap elementor-element-populated\">\n\t\t\t\t\t\t<div class=\"elementor-element elementor-element-3e561d5 elementor-widget elementor-widget-text-editor\" data-id=\"3e561d5\" data-element_type=\"widget\" data-e-type=\"widget\" data-widget_type=\"text-editor.default\">\n\t\t\t\t<div class=\"elementor-widget-container\">\n\t\t\t\t\t\t\t\t\t<h1>Mentions l\u00e9gales : www.mdvie.com<\/h1><h2>Editeur du site<\/h2><p>MD (Marketing Distribution)<br \/>Soci\u00e9t\u00e9 par Actions Simplifi\u00e9e de courtage en assurances au capital de 38.112,25\u20ac<br \/>Si\u00e8ge social : 40, rue de l&rsquo;est, 92100 Boulogne-Billancourt<br \/>T\u00e9l\u00e9phone : 01 41 31 76 80<br \/>Immatricul\u00e9e au Registre du Commerce et des Soci\u00e9t\u00e9s de Nanterre sous le n\u00b0429 970 825.<br \/>Immatricul\u00e9e \u00e0 l&rsquo;ORIAS sous le n\u00b007 003 649 (www.orias.fr).<\/p><p><br \/>MD (Marketing Distribution) est soumis au contr\u00f4le de l&rsquo;Autorit\u00e9 de Contr\u00f4le Prudentiel et de R\u00e9solution (ACPR), 4 Place de Budapest, CS 92459, 75436 Paris Cedex 09 (https:\/\/acpr.banque-france.fr\/).<\/p><p><br \/>MD (Marketing Distribution) exerce son activit\u00e9 conform\u00e9ment aux dispositions du Code des assurances et notamment aux articles L521-1, L521-2 II.1\u00b0 b et suivants.<\/p><p>Directeur de la publication : Monsieur Benoit RIGOT<\/p><h2>1.2. HEBERGEUR :<\/h2><p>Conception, cr\u00e9ation graphique et h\u00e9bergement du site www.mdvie.com : EANET, cr\u00e9ation de sites Internet, R\u00e9f\u00e9rencement &amp; Webmarketing, 29, boulevard de la R\u00e9publique, 92250 La Garenne Colombes.<\/p><h2>ARTICLE 2 &#8211; PROTECTION DES DONNEES PERSONNELLES<\/h2><h3>2.1. LES ENGAGEMENTS DE MD (Marketing Distribution)<\/h3><p><br \/>MD (Marketing Distribution), en tant que responsable de traitement, est soucieux du respect des engagements pris qui sont les suivants :<\/p><p><br \/>&#8211; Vos donn\u00e9es sont utilis\u00e9es uniquement pour des finalit\u00e9s explicites, l\u00e9gitimes et d\u00e9termin\u00e9es en lien avec les diff\u00e9rents m\u00e9tiers de MD (Marketing Distribution). Elles sont trait\u00e9es de mani\u00e8re licite et loyale,<br \/>&#8211; Seules les donn\u00e9es qui sont utiles sont collect\u00e9es,<br \/>&#8211; Vous \u00eates inform\u00e9, de mani\u00e8re claire et transparente, sur la finalit\u00e9 d&rsquo;utilisation de vos donn\u00e9es, le caract\u00e8re facultatif ou obligatoire de vos r\u00e9ponses dans les formulaires et de vos droits en mati\u00e8re de protection des donn\u00e9es,<br \/>&#8211; Les dispositions sont prises pour prot\u00e9ger au mieux vos donn\u00e9es et leur int\u00e9grit\u00e9 (sensibilisation des collaborateurs, mise en place de mesures de s\u00e9curit\u00e9 sur nos syst\u00e8mes d&rsquo;information&#8230;).<\/p><p>\u00a0<\/p><h3>2.2. L&rsquo;UTILISATION DE VOS DONNEES<\/h3><p><br \/>Vos donn\u00e9es sont utilis\u00e9es pour les finalit\u00e9s suivantes :<br \/>&#8211; L&rsquo;analyse de vos besoins en assurance,<br \/>&#8211; La passation, la gestion et l&rsquo;ex\u00e9cution de vos contrats d&rsquo;assurance,<br \/>&#8211; La lutte contre le blanchiment de capitaux et contre le financement du terrorisme,<br \/>&#8211; La lutte contre la fraude \u00e0 l&rsquo;assurance.<\/p><p>\u00a0<\/p><h3>2.3. LES DESTINATAIRES DE VOS DONNEES<\/h3><p><br \/>Seules les personnes ayant besoin de connaitre vos donn\u00e9es dans le cadre de leurs missions y ont acc\u00e8s. Il s&rsquo;agit<br \/>des partenaires assureurs de MD (Marketing Distribution) et de leurs d\u00e9l\u00e9gataires de gestion, des interm\u00e9diaires<br \/>d&rsquo;assurance en partenariat avec MD (Marketing Distribution), des autorit\u00e9s administratives et judiciaires pour<br \/>satisfaire aux obligations l\u00e9gales et r\u00e9glementaires. Ces donn\u00e9es peuvent \u00e9galement \u00eatre communiqu\u00e9es aux<br \/>\u00e9ventuels sous-traitants de MD (Marketing Distribution), si besoin.<\/p><p>\u00a0<\/p><h3>2.4. LES BASES LEGALES DES TRAITEMENTS<\/h3><p><br \/>Le recueil et le traitement de vos donn\u00e9es personnelles reposent essentiellement sur les bases juridiques<br \/>suivantes :<br \/>&#8211; L&rsquo;ex\u00e9cution du contrat,<br \/>&#8211; Le respect d&rsquo;une obligation l\u00e9gale auquel MD (Marketing Distribution) est soumis,<br \/>&#8211; Votre consentement.<br \/>MD (Marketing Distribution) est susceptible d&rsquo;avoir recours \u00e0 d&rsquo;autres bases juridiques selon les traitements<br \/>effectu\u00e9s.<\/p><p>\u00a0<\/p><h3>2.5. LA DUREE DE CONSERVATION DES DONNEES PERSONNELLES<\/h3><p><br \/>MD (Marketing Distribution) s&rsquo;engage \u00e0 conserver vos donn\u00e9es personnelles pour une dur\u00e9e n&rsquo;exc\u00e9dant pas celle<br \/>n\u00e9cessaire aux finalit\u00e9s pour lesquelles elles sont trait\u00e9es, conform\u00e9ment aux dur\u00e9es de conservation impos\u00e9es par<br \/>les lois applicables en vigueur.<br \/>Si votre demande concerne un ou plusieurs contrats d\u00e9j\u00e0 souscrits par notre interm\u00e9diaire, vos donn\u00e9es sont<br \/>conserv\u00e9es de mani\u00e8re s\u00e9curis\u00e9e pendant la dur\u00e9e de notre relation contractuelle et apr\u00e8s son terme jusqu&rsquo;\u00e0<br \/>l&rsquo;expiration du d\u00e9lai de prescription l\u00e9gale applicable.<br \/>A d\u00e9faut de contrat, vos donn\u00e9es sont conserv\u00e9es pendant une dur\u00e9e de 3 ans \u00e0 compter de notre dernier contact<br \/>avec vous.<\/p><p>\u00a0<\/p><h3>2.6. VOS DROITS<\/h3><p><br \/>Vous disposez, sur vos donn\u00e9es personnelles, des droits suivants :<br \/>&#8211; Droit d&rsquo;acc\u00e8s aux donn\u00e9es vous concernant,<br \/>&#8211; Droit d&rsquo;opposition \u00e0 leur traitement d\u00e8s lors qu&rsquo;il ne s&rsquo;agit pas de donn\u00e9es obligatoires, indispensables \u00e0<br \/>l&rsquo;ex\u00e9cution du contrat,<br \/>&#8211; Droit de rectification et \u00e0 l&rsquo;effacement de vos donn\u00e9es,<br \/>&#8211; Droit \u00e0 la limitation du traitement de vos donn\u00e9es dans les conditions pr\u00e9vues par la r\u00e9glementation,<br \/>&#8211; Droit \u00e0 la portabilit\u00e9 de vos donn\u00e9es.<br \/>Pour toute demande d&rsquo;exercice de l&rsquo;un de ces droits, vous pouvez adresser un mail \u00e0 l&rsquo;adresse<br \/>donneespersonnelles@mdvie.com ou \u00e9crire \u00e0 MD (Marketing Distribution), 40, rue de l&rsquo;est, 92100 Boulogne<br \/>Billancourt.<\/p><p><br \/>MD (Marketing Distribution) b\u00e9n\u00e9ficie de l&rsquo;assistance d&rsquo;un D\u00e9l\u00e9gu\u00e9 \u00e0 la Protection des Donn\u00e9es qui peut \u00eatre<br \/>contact\u00e9 \u00e0 l&rsquo;adresse suivante : MD (Marketing Distribution), DPO, 40, rue de l&rsquo;est, 92100 Boulogne Billancourt.<br \/>Une r\u00e9ponse vous sera adress\u00e9e, suivant la complexit\u00e9 de votre demande dans les d\u00e9lais prescrits par l&rsquo;article 12.3<br \/>du RGPD.<br \/>Pour toute r\u00e9clamation \u00e0 la Commission Nationale Informatique et Libert\u00e9s (CNIL), vous pouvez \u00e9crire \u00e0 l&rsquo;adresse<br \/>suivante : CNIL, 3 place de Fontenoy, TSA 80715, 75334 Paris cedex 07.<\/p><p>\u00a0<\/p><h3>2.7. LES COOKIES<\/h3><p><br \/>Un cookie est un petit fichier texte enregistr\u00e9 par le navigateur de votre ordinateur, tablette ou t\u00e9l\u00e9phone qui<br \/>nous permet de garder la trace de votre visite.<br \/>MD (Marketing Distribution) utilise des cookies pour vous offrir une meilleure exp\u00e9rience de navigation,<br \/>personnalis\u00e9e et s\u00e9curis\u00e9e.<br \/>Si vous n&rsquo;avez pas param\u00e9tr\u00e9 votre navigateur pour accepter ce type de fichier, vous n&rsquo;aurez pas acc\u00e8s \u00e0<br \/>l&rsquo;ensemble des fonctionnalit\u00e9s du site.<br \/>Certains cookies, sans incidence sur votre acc\u00e8s aux fonctionnalit\u00e9s du site, sont \u00e9galement collect\u00e9s : les cookies<br \/>statistiques.<br \/>Ceux-ci permettent d&rsquo;optimiser le site, de r\u00e9soudre les dysfonctionnements, et d&rsquo;am\u00e9liorer la qualit\u00e9 de nos<br \/>services, notamment par l&rsquo;analyse du nombre de visites et de visiteurs permettant de fournir du contenu plus<br \/>appropri\u00e9 aux int\u00e9r\u00eats des visiteurs.<\/p><p>\u00a0<\/p><h2>ARTICLE 3 &#8211; CONTENU DU SITE<\/h2><p><br \/>Ce site a \u00e9t\u00e9 \u00e9labor\u00e9 avec soin et rigueur dans un souci de qualit\u00e9 et d&rsquo;\u00e9thique professionnelle<br \/>L&rsquo;information pr\u00e9sent\u00e9e sur ce site l&rsquo;est \u00e0 titre indicatif et g\u00e9n\u00e9ral. Elle ne saurait en aucun cas \u00eatre consid\u00e9r\u00e9e<br \/>comme exhaustive et ne peut \u00eatre assimil\u00e9e \u00e0 une offre commerciale ou \u00e0 des conseils. MD (Marketing<br \/>Distribution) se r\u00e9serve le droit de modifier le contenu de son site \u00e0 tout instant et sans pr\u00e9avis.<br \/>Malgr\u00e9 tout le s\u00e9rieux et l&rsquo;attention apport\u00e9s \u00e0 la r\u00e9alisation de ce site et \u00e0 son actualisation r\u00e9guli\u00e8re, certaines<br \/>informations peuvent \u00eatre erron\u00e9es et MD (Marketing Distribution) ne pourra en \u00eatre tenu pour responsable.<br \/>L&rsquo;utilisateur est seul responsable de l&rsquo;utilisation qu&rsquo;il fait des informations accessibles, la responsabilit\u00e9 de MD<br \/>(Marketing Distribution) ne pouvant en aucun cas \u00eatre recherch\u00e9e \u00e0 ce titre.<\/p><p><br \/>MD (Marketing Distribution) d\u00e9cline toute responsabilit\u00e9 pour tous dommages directs et indirects, quels qu&rsquo;en<br \/>soient les causes, origines, nature ou cons\u00e9quence, en raison de l&rsquo;acc\u00e8s \u00e0 ce site ou de l&rsquo;impossibilit\u00e9 d&rsquo;y acc\u00e9der,<br \/>de m\u00eame que de l&rsquo;utilisation de ce site et\/ou du cr\u00e9dit accord\u00e9 \u00e0 une quelconque information qui en est<br \/>directement ou indirectement retir\u00e9e.<\/p><p>\u00a0<\/p><h2>ARTICLE 4 &#8211; DROITS D&rsquo;AUTEUR<\/h2><p><br \/>L&rsquo;ensemble des contenus de tous types pr\u00e9sents sur ce site est la propri\u00e9t\u00e9 exclusive de MD (Marketing<br \/>Distribution) et sont prot\u00e9g\u00e9s par la l\u00e9gislation fran\u00e7aise et\/ou internationale sur les droits d&rsquo;auteur et la propri\u00e9t\u00e9<br \/>intellectuelle.<\/p><p><br \/>Toute reproduction, revente ou distribution, m\u00eame \u00e0 titre gratuit, de quelque information que ce soit en<br \/>provenance de ce site sans l&rsquo;autorisation \u00e9crite pr\u00e9alable de MD (Marketing Distribution) est strictement interdite<br \/>et constitue une violation des lois fran\u00e7aises et europ\u00e9ennes du code de la propri\u00e9t\u00e9 intellectuelle, sanctionn\u00e9e<br \/>par les articles L.355-2 et suivants du code de la propri\u00e9t\u00e9 intellectuelle. Cette interdiction s&rsquo;\u00e9tend notamment,<br \/>sans que cette liste ne soit limitative, \u00e0 tout \u00e9l\u00e9ment r\u00e9dactionnel figurant sur le site, \u00e0 la pr\u00e9sentation des \u00e9crans,<br \/>aux logiciels n\u00e9cessaires \u00e0 l&rsquo;exploitation, aux logos, images, photos, graphiques, de quelque nature qu&rsquo;ils soient.<br \/>En outre, il est formellement interdit de collecter et d&rsquo;utiliser les informations disponibles sur le site \u00e0 des fins<br \/>commerciales.<\/p><p><br \/>Les marques cit\u00e9es sur ce site sont d\u00e9pos\u00e9es par leurs propri\u00e9taires respectifs. Toute reproduction ou<br \/>repr\u00e9sentation faites sans leur accord pr\u00e9alable est une contrefa\u00e7on.<\/p><h2>ARTICLE 5 &#8211; LIENS HYPERTEXTES<\/h2><p><br \/>Les liens qui seraient mis en place depuis ce site vers des sites ext\u00e9rieurs ne sauraient engager la responsabilit\u00e9<br \/>de MD (Marketing Distribution) quant au contenu de ces sites.<br \/>MD (Marketing Distribution) pr\u00e9cise que tous les sites tiers reli\u00e9s au site www.mdvie.com par des liens hypertextes<br \/>sont soumis \u00e0 leurs propres conditions d&rsquo;utilisation et politiques de protection des donn\u00e9es personnelles et d\u00e9cline<br \/>toute responsabilit\u00e9 quant aux contenus publi\u00e9s sur ces sites.<br \/>MD (Marketing Distribution) n&rsquo;est pas responsable des liens susceptibles de pointer sur son site. Par ailleurs, la<br \/>mise en place de tels liens est interdite sans accord pr\u00e9alable et \u00e9crit de MD (Marketing Distribution).<br \/>MD (Marketing Distribution) se r\u00e9serve le droit \u00e0 tout moment, sans pr\u00e9avis et sans avoir \u00e0 motiver sa d\u00e9cision,<br \/>d&rsquo;interdire certains de ces liens. Le site concern\u00e9, apr\u00e8s en avoir \u00e9t\u00e9 inform\u00e9, disposera de 2 jours ouvr\u00e9s pour<br \/>retirer le lien concern\u00e9.<\/p>\t\t\t\t\t\t\t\t<\/div>\n\t\t\t\t<\/div>\n\t\t\t\t\t<\/div>\n\t\t<\/div>\n\t\t\t\t\t<\/div>\n\t\t<\/section>\n\t\t\t\t<\/div>\n\t\t","protected":false},"excerpt":{"rendered":"<p>Mentions l\u00e9gales : www.mdvie.com Editeur du site MD (Marketing Distribution)Soci\u00e9t\u00e9 par Actions Simplifi\u00e9e de courtage en assurances au capital de 38.112,25\u20acSi\u00e8ge social : 40, rue de l&rsquo;est, 92100 Boulogne-BillancourtT\u00e9l\u00e9phone : 01 41 31 76 80Immatricul\u00e9e au Registre du Commerce et des Soci\u00e9t\u00e9s de Nanterre sous le n\u00b0429 970 825.Immatricul\u00e9e \u00e0 l&rsquo;ORIAS sous le n\u00b007 003 [&hellip;]<\/p>\n","protected":false},"author":1,"featured_media":0,"parent":0,"menu_order":0,"comment_status":"closed","ping_status":"closed","template":"","meta":{"ocean_post_layout":"","ocean_both_sidebars_style":"","ocean_both_sidebars_content_width":0,"ocean_both_sidebars_sidebars_width":0,"ocean_sidebar":"0","ocean_second_sidebar":"0","ocean_disable_margins":"enable","ocean_add_body_class":"","ocean_shortcode_before_top_bar":"","ocean_shortcode_after_top_bar":"","ocean_shortcode_before_header":"","ocean_shortcode_after_header":"","ocean_has_shortcode":"","ocean_shortcode_after_title":"","ocean_shortcode_before_footer_widgets":"","ocean_shortcode_after_footer_widgets":"","ocean_shortcode_before_footer_bottom":"","ocean_shortcode_after_footer_bottom":"","ocean_display_top_bar":"default","ocean_display_header":"default","ocean_header_style":"","ocean_center_header_left_menu":"0","ocean_custom_header_template":"0","ocean_custom_logo":0,"ocean_custom_retina_logo":0,"ocean_custom_logo_max_width":0,"ocean_custom_logo_tablet_max_width":0,"ocean_custom_logo_mobile_max_width":0,"ocean_custom_logo_max_height":0,"ocean_custom_logo_tablet_max_height":0,"ocean_custom_logo_mobile_max_height":0,"ocean_header_custom_menu":"0","ocean_menu_typo_font_family":"0","ocean_menu_typo_font_subset":"","ocean_menu_typo_font_size":0,"ocean_menu_typo_font_size_tablet":0,"ocean_menu_typo_font_size_mobile":0,"ocean_menu_typo_font_size_unit":"px","ocean_menu_typo_font_weight":"","ocean_menu_typo_font_weight_tablet":"","ocean_menu_typo_font_weight_mobile":"","ocean_menu_typo_transform":"","ocean_menu_typo_transform_tablet":"","ocean_menu_typo_transform_mobile":"","ocean_menu_typo_line_height":0,"ocean_menu_typo_line_height_tablet":0,"ocean_menu_typo_line_height_mobile":0,"ocean_menu_typo_line_height_unit":"","ocean_menu_typo_spacing":0,"ocean_menu_typo_spacing_tablet":0,"ocean_menu_typo_spacing_mobile":0,"ocean_menu_typo_spacing_unit":"","ocean_menu_link_color":"","ocean_menu_link_color_hover":"","ocean_menu_link_color_active":"","ocean_menu_link_background":"","ocean_menu_link_hover_background":"","ocean_menu_link_active_background":"","ocean_menu_social_links_bg":"","ocean_menu_social_hover_links_bg":"","ocean_menu_social_links_color":"","ocean_menu_social_hover_links_color":"","ocean_disable_title":"default","ocean_disable_heading":"default","ocean_post_title":"","ocean_post_subheading":"","ocean_post_title_style":"","ocean_post_title_background_color":"","ocean_post_title_background":0,"ocean_post_title_bg_image_position":"","ocean_post_title_bg_image_attachment":"","ocean_post_title_bg_image_repeat":"","ocean_post_title_bg_image_size":"","ocean_post_title_height":0,"ocean_post_title_bg_overlay":0.5,"ocean_post_title_bg_overlay_color":"","ocean_disable_breadcrumbs":"default","ocean_breadcrumbs_color":"","ocean_breadcrumbs_separator_color":"","ocean_breadcrumbs_links_color":"","ocean_breadcrumbs_links_hover_color":"","ocean_display_footer_widgets":"default","ocean_display_footer_bottom":"default","ocean_custom_footer_template":"0","footnotes":""},"class_list":["post-48","page","type-page","status-publish","hentry","entry"],"yoast_head":"<!-- This site is optimized with the Yoast SEO plugin v27.5 - https:\/\/yoast.com\/product\/yoast-seo-wordpress\/ -->\n<title>Mentions L\u00e9gales - MD VIE<\/title>\n<meta name=\"robots\" content=\"index, follow, max-snippet:-1, max-image-preview:large, max-video-preview:-1\" \/>\n<link rel=\"canonical\" href=\"https:\/\/mdvie.eu\/?page_id=48\" \/>\n<meta property=\"og:locale\" content=\"fr_FR\" \/>\n<meta property=\"og:type\" content=\"article\" \/>\n<meta property=\"og:title\" content=\"Mentions L\u00e9gales - MD VIE\" \/>\n<meta property=\"og:description\" content=\"Mentions l\u00e9gales : www.mdvie.com Editeur du site MD (Marketing Distribution)Soci\u00e9t\u00e9 par Actions Simplifi\u00e9e de courtage en assurances au capital de 38.112,25\u20acSi\u00e8ge social : 40, rue de l&rsquo;est, 92100 Boulogne-BillancourtT\u00e9l\u00e9phone : 01 41 31 76 80Immatricul\u00e9e au Registre du Commerce et des Soci\u00e9t\u00e9s de Nanterre sous le n\u00b0429 970 825.Immatricul\u00e9e \u00e0 l&rsquo;ORIAS sous le n\u00b007 003 [&hellip;]\" \/>\n<meta property=\"og:url\" content=\"https:\/\/mdvie.eu\/?page_id=48\" \/>\n<meta property=\"og:site_name\" content=\"MD VIE\" \/>\n<meta property=\"article:modified_time\" content=\"2022-11-29T21:55:00+00:00\" \/>\n<meta name=\"twitter:card\" content=\"summary_large_image\" \/>\n<meta name=\"twitter:label1\" content=\"Dur\u00e9e de lecture estim\u00e9e\" \/>\n\t<meta name=\"twitter:data1\" content=\"8 minutes\" \/>\n<script type=\"application\/ld+json\" class=\"yoast-schema-graph\">{\"@context\":\"https:\\\/\\\/schema.org\",\"@graph\":[{\"@type\":\"WebPage\",\"@id\":\"https:\\\/\\\/mdvie.eu\\\/?page_id=48\",\"url\":\"https:\\\/\\\/mdvie.eu\\\/?page_id=48\",\"name\":\"Mentions L\u00e9gales - MD VIE\",\"isPartOf\":{\"@id\":\"https:\\\/\\\/mdvie.eu\\\/#website\"},\"datePublished\":\"2022-11-26T21:41:06+00:00\",\"dateModified\":\"2022-11-29T21:55:00+00:00\",\"breadcrumb\":{\"@id\":\"https:\\\/\\\/mdvie.eu\\\/?page_id=48#breadcrumb\"},\"inLanguage\":\"fr-FR\",\"potentialAction\":[{\"@type\":\"ReadAction\",\"target\":[\"https:\\\/\\\/mdvie.eu\\\/?page_id=48\"]}]},{\"@type\":\"BreadcrumbList\",\"@id\":\"https:\\\/\\\/mdvie.eu\\\/?page_id=48#breadcrumb\",\"itemListElement\":[{\"@type\":\"ListItem\",\"position\":1,\"name\":\"Accueil\",\"item\":\"https:\\\/\\\/mdvie.eu\\\/\"},{\"@type\":\"ListItem\",\"position\":2,\"name\":\"Mentions L\u00e9gales\"}]},{\"@type\":\"WebSite\",\"@id\":\"https:\\\/\\\/mdvie.eu\\\/#website\",\"url\":\"https:\\\/\\\/mdvie.eu\\\/\",\"name\":\"MD VIE\",\"description\":\"\",\"publisher\":{\"@id\":\"https:\\\/\\\/mdvie.eu\\\/#organization\"},\"potentialAction\":[{\"@type\":\"SearchAction\",\"target\":{\"@type\":\"EntryPoint\",\"urlTemplate\":\"https:\\\/\\\/mdvie.eu\\\/?s={search_term_string}\"},\"query-input\":{\"@type\":\"PropertyValueSpecification\",\"valueRequired\":true,\"valueName\":\"search_term_string\"}}],\"inLanguage\":\"fr-FR\"},{\"@type\":\"Organization\",\"@id\":\"https:\\\/\\\/mdvie.eu\\\/#organization\",\"name\":\"MD VIE\",\"url\":\"https:\\\/\\\/mdvie.eu\\\/\",\"logo\":{\"@type\":\"ImageObject\",\"inLanguage\":\"fr-FR\",\"@id\":\"https:\\\/\\\/mdvie.eu\\\/#\\\/schema\\\/logo\\\/image\\\/\",\"url\":\"https:\\\/\\\/mdvie.eu\\\/wp-content\\\/uploads\\\/2022\\\/11\\\/cropped-mdlogo.png\",\"contentUrl\":\"https:\\\/\\\/mdvie.eu\\\/wp-content\\\/uploads\\\/2022\\\/11\\\/cropped-mdlogo.png\",\"width\":223,\"height\":232,\"caption\":\"MD VIE\"},\"image\":{\"@id\":\"https:\\\/\\\/mdvie.eu\\\/#\\\/schema\\\/logo\\\/image\\\/\"}}]}<\/script>\n<!-- \/ Yoast SEO plugin. -->","yoast_head_json":{"title":"Mentions L\u00e9gales - MD VIE","robots":{"index":"index","follow":"follow","max-snippet":"max-snippet:-1","max-image-preview":"max-image-preview:large","max-video-preview":"max-video-preview:-1"},"canonical":"https:\/\/mdvie.eu\/?page_id=48","og_locale":"fr_FR","og_type":"article","og_title":"Mentions L\u00e9gales - MD VIE","og_description":"Mentions l\u00e9gales : www.mdvie.com Editeur du site MD (Marketing Distribution)Soci\u00e9t\u00e9 par Actions Simplifi\u00e9e de courtage en assurances au capital de 38.112,25\u20acSi\u00e8ge social : 40, rue de l&rsquo;est, 92100 Boulogne-BillancourtT\u00e9l\u00e9phone : 01 41 31 76 80Immatricul\u00e9e au Registre du Commerce et des Soci\u00e9t\u00e9s de Nanterre sous le n\u00b0429 970 825.Immatricul\u00e9e \u00e0 l&rsquo;ORIAS sous le n\u00b007 003 [&hellip;]","og_url":"https:\/\/mdvie.eu\/?page_id=48","og_site_name":"MD VIE","article_modified_time":"2022-11-29T21:55:00+00:00","twitter_card":"summary_large_image","twitter_misc":{"Dur\u00e9e de lecture estim\u00e9e":"8 minutes"},"schema":{"@context":"https:\/\/schema.org","@graph":[{"@type":"WebPage","@id":"https:\/\/mdvie.eu\/?page_id=48","url":"https:\/\/mdvie.eu\/?page_id=48","name":"Mentions L\u00e9gales - MD VIE","isPartOf":{"@id":"https:\/\/mdvie.eu\/#website"},"datePublished":"2022-11-26T21:41:06+00:00","dateModified":"2022-11-29T21:55:00+00:00","breadcrumb":{"@id":"https:\/\/mdvie.eu\/?page_id=48#breadcrumb"},"inLanguage":"fr-FR","potentialAction":[{"@type":"ReadAction","target":["https:\/\/mdvie.eu\/?page_id=48"]}]},{"@type":"BreadcrumbList","@id":"https:\/\/mdvie.eu\/?page_id=48#breadcrumb","itemListElement":[{"@type":"ListItem","position":1,"name":"Accueil","item":"https:\/\/mdvie.eu\/"},{"@type":"ListItem","position":2,"name":"Mentions L\u00e9gales"}]},{"@type":"WebSite","@id":"https:\/\/mdvie.eu\/#website","url":"https:\/\/mdvie.eu\/","name":"MD VIE","description":"","publisher":{"@id":"https:\/\/mdvie.eu\/#organization"},"potentialAction":[{"@type":"SearchAction","target":{"@type":"EntryPoint","urlTemplate":"https:\/\/mdvie.eu\/?s={search_term_string}"},"query-input":{"@type":"PropertyValueSpecification","valueRequired":true,"valueName":"search_term_string"}}],"inLanguage":"fr-FR"},{"@type":"Organization","@id":"https:\/\/mdvie.eu\/#organization","name":"MD VIE","url":"https:\/\/mdvie.eu\/","logo":{"@type":"ImageObject","inLanguage":"fr-FR","@id":"https:\/\/mdvie.eu\/#\/schema\/logo\/image\/","url":"https:\/\/mdvie.eu\/wp-content\/uploads\/2022\/11\/cropped-mdlogo.png","contentUrl":"https:\/\/mdvie.eu\/wp-content\/uploads\/2022\/11\/cropped-mdlogo.png","width":223,"height":232,"caption":"MD VIE"},"image":{"@id":"https:\/\/mdvie.eu\/#\/schema\/logo\/image\/"}}]}},"_links":{"self":[{"href":"https:\/\/mdvie.eu\/index.php?rest_route=\/wp\/v2\/pages\/48","targetHints":{"allow":["GET"]}}],"collection":[{"href":"https:\/\/mdvie.eu\/index.php?rest_route=\/wp\/v2\/pages"}],"about":[{"href":"https:\/\/mdvie.eu\/index.php?rest_route=\/wp\/v2\/types\/page"}],"author":[{"embeddable":true,"href":"https:\/\/mdvie.eu\/index.php?rest_route=\/wp\/v2\/users\/1"}],"replies":[{"embeddable":true,"href":"https:\/\/mdvie.eu\/index.php?rest_route=%2Fwp%2Fv2%2Fcomments&post=48"}],"version-history":[{"count":4,"href":"https:\/\/mdvie.eu\/index.php?rest_route=\/wp\/v2\/pages\/48\/revisions"}],"predecessor-version":[{"id":409,"href":"https:\/\/mdvie.eu\/index.php?rest_route=\/wp\/v2\/pages\/48\/revisions\/409"}],"wp:attachment":[{"href":"https:\/\/mdvie.eu\/index.php?rest_route=%2Fwp%2Fv2%2Fmedia&parent=48"}],"curies":[{"name":"wp","href":"https:\/\/api.w.org\/{rel}","templated":true}]}}