{"id":544,"date":"2023-07-18T19:18:23","date_gmt":"2023-07-18T17:18:23","guid":{"rendered":"https:\/\/mdvie.eu\/?page_id=544"},"modified":"2023-07-18T19:27:59","modified_gmt":"2023-07-18T17:27:59","slug":"elementor-544","status":"publish","type":"page","link":"https:\/\/mdvie.eu\/?page_id=544","title":{"rendered":"En savoir plus"},"content":{"rendered":"\t\t<div data-elementor-type=\"wp-page\" data-elementor-id=\"544\" class=\"elementor elementor-544\">\n\t\t\t\t\t\t<section class=\"elementor-section elementor-top-section elementor-element elementor-element-f9f4738 elementor-section-boxed elementor-section-height-default elementor-section-height-default\" data-id=\"f9f4738\" data-element_type=\"section\" data-e-type=\"section\">\n\t\t\t\t\t\t<div class=\"elementor-container elementor-column-gap-default\">\n\t\t\t\t\t<div class=\"elementor-column elementor-col-100 elementor-top-column elementor-element elementor-element-307ae7e\" data-id=\"307ae7e\" data-element_type=\"column\" data-e-type=\"column\">\n\t\t\t<div class=\"elementor-widget-wrap elementor-element-populated\">\n\t\t\t\t\t\t<div class=\"elementor-element elementor-element-68c4e11 elementor-widget elementor-widget-text-editor\" data-id=\"68c4e11\" data-element_type=\"widget\" data-e-type=\"widget\" data-widget_type=\"text-editor.default\">\n\t\t\t\t<div class=\"elementor-widget-container\">\n\t\t\t\t\t\t\t\t\t<h2 style=\"color: #000000; font-family: 'Times New Roman'; font-style: normal; font-variant-ligatures: normal; font-variant-caps: normal; text-transform: none;\">Une soci\u00e9t\u00e9 \u00e0 taille humaine orient\u00e9e vers des relations privil\u00e9gi\u00e9es<\/h2>\n<p style=\"color: #000000; font-family: 'Times New Roman'; font-size: medium; font-style: normal; font-variant-ligatures: normal; font-variant-caps: normal; font-weight: 400;\">Plus de 20 ans d&rsquo;exp\u00e9rience,<\/p>\n<p style=\"color: #000000; font-family: 'Times New Roman'; font-size: medium; font-style: normal; font-variant-ligatures: normal; font-variant-caps: normal; font-weight: 400;\">Cr\u00e9\u00e9e en 2000 et filiale de Groupe Premium, MD Marketing Distribution vous propose des offres adapt\u00e9es et personnalis\u00e9es pour fid\u00e9liser vos clients.<\/p>\n<p style=\"color: #000000; font-family: 'Times New Roman'; font-size: medium; font-style: normal; font-variant-ligatures: normal; font-variant-caps: normal; font-weight: 400;\">Une gamme de produits comp\u00e9titifs et innovants, un acteur de proximit\u00e9, des valeurs au service d&rsquo;une relation efficace.<\/p>\n<h3 style=\"color: #000000; font-family: 'Times New Roman'; font-style: normal; font-variant-ligatures: normal; font-variant-caps: normal; text-transform: none;\">Un savoir-faire et une expertise reconnus,<\/h3>\n<h3 style=\"color: #000000; font-family: 'Times New Roman'; font-style: normal; font-variant-ligatures: normal; font-variant-caps: normal; text-transform: none;\">Un esprit d&rsquo;\u00e9quipe,<\/h3>\n<p style=\"color: #000000; font-family: 'Times New Roman'; font-size: medium; font-style: normal; font-variant-ligatures: normal; font-variant-caps: normal; font-weight: 400;\">\u00ab\u00a0\u00e0 votre \u00e9coute, nos inspecteurs commerciaux vous apportent un soutien efficace et personnalis\u00e9 sur le terrain\u00a0\u00bb, \u00a0\u00bb notre back office se mobilise pour r\u00e9pondre dans les meilleurs d\u00e9lais \u00e0 vos questions\u00a0\u00bb,<\/p>\n<h3 style=\"color: #000000; font-family: 'Times New Roman'; font-style: normal; font-variant-ligatures: normal; font-variant-caps: normal; text-transform: none;\">Des outils et services d\u00e9di\u00e9s,<\/h3>\n<p style=\"color: #000000; font-family: 'Times New Roman'; font-size: medium; font-style: normal; font-variant-ligatures: normal; font-variant-caps: normal; font-weight: 400;\">\u00ab\u00a0en ligne pour vous permettre de piloter votre activit\u00e9\u00a0\u00bb, \u00ab\u00a0une veille r\u00e9glementaire pour les aspects contractuels\u00a0\u00bb.<\/p>\n<p style=\"color: #000000; font-family: 'Times New Roman'; font-size: medium; font-style: normal; font-variant-ligatures: normal; font-variant-caps: normal; font-weight: 400;\">MD est membre de&nbsp;<strong>Plan\u00e8te Courtier<\/strong>&nbsp;(Syndicat fran\u00e7ais du courtage d&rsquo;assurance) &#8211;&nbsp;<a title=\"Plan\u00e8te Courtier\" href=\"http:\/\/www.planetecourtier.com\/\" target=\"_blank\" rel=\"noopener\">www.planetecourtier.com<\/a><\/p><p style=\"color: #000000; font-family: 'Times New Roman'; font-size: medium; font-style: normal; font-variant-ligatures: normal; font-variant-caps: normal; font-weight: 400;\"><span style=\"font-family: &quot;Times New Roman&quot;; font-size: 20px; font-style: normal; font-variant-ligatures: normal; font-variant-caps: normal; font-weight: 600; text-align: center;\"><br><\/span><\/p><p style=\"color: #000000; font-family: 'Times New Roman'; font-size: medium; font-style: normal; font-variant-ligatures: normal; font-variant-caps: normal; font-weight: 400;\"><span style=\"font-family: &quot;Times New Roman&quot;; font-size: 20px; font-style: normal; font-variant-ligatures: normal; font-variant-caps: normal; font-weight: 600; text-align: center;\">Notre objectif : Satisfaire nos partenaires<\/span><\/p><ul style=\"color: rgb(0, 0, 0); font-family: &quot;Times New Roman&quot;; font-size: medium; font-style: normal; font-variant-ligatures: normal; font-variant-caps: normal; font-weight: 400;\"><li>Proposer des produits adapt\u00e9s aux besoins de vos clients,<\/li><li>Assurer une formation sur ces produits,<\/li><li>Assurer une disponibilit\u00e9 et une r\u00e9activit\u00e9 du back office.<\/li><\/ul>\t\t\t\t\t\t\t\t<\/div>\n\t\t\t\t<\/div>\n\t\t\t\t\t<\/div>\n\t\t<\/div>\n\t\t\t\t\t<\/div>\n\t\t<\/section>\n\t\t\t\t<\/div>\n\t\t","protected":false},"excerpt":{"rendered":"<p>Une soci\u00e9t\u00e9 \u00e0 taille humaine orient\u00e9e vers des relations privil\u00e9gi\u00e9es Plus de 20 ans d&rsquo;exp\u00e9rience, Cr\u00e9\u00e9e en 2000 et filiale de Groupe Premium, MD Marketing Distribution vous propose des offres adapt\u00e9es et personnalis\u00e9es pour fid\u00e9liser vos clients. Une gamme de produits comp\u00e9titifs et innovants, un acteur de proximit\u00e9, des valeurs au service d&rsquo;une relation efficace. [&hellip;]<\/p>\n","protected":false},"author":1,"featured_media":0,"parent":0,"menu_order":0,"comment_status":"closed","ping_status":"closed","template":"","meta":{"ocean_post_layout":"","ocean_both_sidebars_style":"","ocean_both_sidebars_content_width":0,"ocean_both_sidebars_sidebars_width":0,"ocean_sidebar":"0","ocean_second_sidebar":"0","ocean_disable_margins":"enable","ocean_add_body_class":"","ocean_shortcode_before_top_bar":"","ocean_shortcode_after_top_bar":"","ocean_shortcode_before_header":"","ocean_shortcode_after_header":"","ocean_has_shortcode":"","ocean_shortcode_after_title":"","ocean_shortcode_before_footer_widgets":"","ocean_shortcode_after_footer_widgets":"","ocean_shortcode_before_footer_bottom":"","ocean_shortcode_after_footer_bottom":"","ocean_display_top_bar":"default","ocean_display_header":"default","ocean_header_style":"","ocean_center_header_left_menu":"0","ocean_custom_header_template":"0","ocean_custom_logo":0,"ocean_custom_retina_logo":0,"ocean_custom_logo_max_width":0,"ocean_custom_logo_tablet_max_width":0,"ocean_custom_logo_mobile_max_width":0,"ocean_custom_logo_max_height":0,"ocean_custom_logo_tablet_max_height":0,"ocean_custom_logo_mobile_max_height":0,"ocean_header_custom_menu":"0","ocean_menu_typo_font_family":"0","ocean_menu_typo_font_subset":"","ocean_menu_typo_font_size":0,"ocean_menu_typo_font_size_tablet":0,"ocean_menu_typo_font_size_mobile":0,"ocean_menu_typo_font_size_unit":"px","ocean_menu_typo_font_weight":"","ocean_menu_typo_font_weight_tablet":"","ocean_menu_typo_font_weight_mobile":"","ocean_menu_typo_transform":"","ocean_menu_typo_transform_tablet":"","ocean_menu_typo_transform_mobile":"","ocean_menu_typo_line_height":0,"ocean_menu_typo_line_height_tablet":0,"ocean_menu_typo_line_height_mobile":0,"ocean_menu_typo_line_height_unit":"","ocean_menu_typo_spacing":0,"ocean_menu_typo_spacing_tablet":0,"ocean_menu_typo_spacing_mobile":0,"ocean_menu_typo_spacing_unit":"","ocean_menu_link_color":"","ocean_menu_link_color_hover":"","ocean_menu_link_color_active":"","ocean_menu_link_background":"","ocean_menu_link_hover_background":"","ocean_menu_link_active_background":"","ocean_menu_social_links_bg":"","ocean_menu_social_hover_links_bg":"","ocean_menu_social_links_color":"","ocean_menu_social_hover_links_color":"","ocean_disable_title":"default","ocean_disable_heading":"default","ocean_post_title":"","ocean_post_subheading":"","ocean_post_title_style":"","ocean_post_title_background_color":"","ocean_post_title_background":0,"ocean_post_title_bg_image_position":"","ocean_post_title_bg_image_attachment":"","ocean_post_title_bg_image_repeat":"","ocean_post_title_bg_image_size":"","ocean_post_title_height":0,"ocean_post_title_bg_overlay":0.5,"ocean_post_title_bg_overlay_color":"","ocean_disable_breadcrumbs":"default","ocean_breadcrumbs_color":"","ocean_breadcrumbs_separator_color":"","ocean_breadcrumbs_links_color":"","ocean_breadcrumbs_links_hover_color":"","ocean_display_footer_widgets":"default","ocean_display_footer_bottom":"default","ocean_custom_footer_template":"0","footnotes":""},"class_list":["post-544","page","type-page","status-publish","hentry","entry"],"yoast_head":"<!-- This site is optimized with the Yoast SEO plugin v27.6 - https:\/\/yoast.com\/product\/yoast-seo-wordpress\/ -->\n<title>En savoir plus - MD VIE<\/title>\n<meta name=\"robots\" content=\"index, follow, max-snippet:-1, max-image-preview:large, max-video-preview:-1\" \/>\n<link rel=\"canonical\" href=\"https:\/\/mdvie.eu\/?page_id=544\" \/>\n<meta property=\"og:locale\" content=\"fr_FR\" \/>\n<meta property=\"og:type\" content=\"article\" \/>\n<meta property=\"og:title\" content=\"En savoir plus - MD VIE\" \/>\n<meta property=\"og:description\" content=\"Une soci\u00e9t\u00e9 \u00e0 taille humaine orient\u00e9e vers des relations privil\u00e9gi\u00e9es Plus de 20 ans d&rsquo;exp\u00e9rience, Cr\u00e9\u00e9e en 2000 et filiale de Groupe Premium, MD Marketing Distribution vous propose des offres adapt\u00e9es et personnalis\u00e9es pour fid\u00e9liser vos clients. Une gamme de produits comp\u00e9titifs et innovants, un acteur de proximit\u00e9, des valeurs au service d&rsquo;une relation efficace. [&hellip;]\" \/>\n<meta property=\"og:url\" content=\"https:\/\/mdvie.eu\/?page_id=544\" \/>\n<meta property=\"og:site_name\" content=\"MD VIE\" \/>\n<meta property=\"article:modified_time\" content=\"2023-07-18T17:27:59+00:00\" \/>\n<meta name=\"twitter:card\" content=\"summary_large_image\" \/>\n<meta name=\"twitter:label1\" content=\"Dur\u00e9e de lecture estim\u00e9e\" \/>\n\t<meta name=\"twitter:data1\" content=\"1 minute\" \/>\n<script type=\"application\/ld+json\" class=\"yoast-schema-graph\">{\"@context\":\"https:\\\/\\\/schema.org\",\"@graph\":[{\"@type\":\"WebPage\",\"@id\":\"https:\\\/\\\/mdvie.eu\\\/?page_id=544\",\"url\":\"https:\\\/\\\/mdvie.eu\\\/?page_id=544\",\"name\":\"En savoir plus - MD VIE\",\"isPartOf\":{\"@id\":\"https:\\\/\\\/mdvie.eu\\\/#website\"},\"datePublished\":\"2023-07-18T17:18:23+00:00\",\"dateModified\":\"2023-07-18T17:27:59+00:00\",\"breadcrumb\":{\"@id\":\"https:\\\/\\\/mdvie.eu\\\/?page_id=544#breadcrumb\"},\"inLanguage\":\"fr-FR\",\"potentialAction\":[{\"@type\":\"ReadAction\",\"target\":[\"https:\\\/\\\/mdvie.eu\\\/?page_id=544\"]}]},{\"@type\":\"BreadcrumbList\",\"@id\":\"https:\\\/\\\/mdvie.eu\\\/?page_id=544#breadcrumb\",\"itemListElement\":[{\"@type\":\"ListItem\",\"position\":1,\"name\":\"Accueil\",\"item\":\"https:\\\/\\\/mdvie.eu\\\/\"},{\"@type\":\"ListItem\",\"position\":2,\"name\":\"En savoir plus\"}]},{\"@type\":\"WebSite\",\"@id\":\"https:\\\/\\\/mdvie.eu\\\/#website\",\"url\":\"https:\\\/\\\/mdvie.eu\\\/\",\"name\":\"MD VIE\",\"description\":\"\",\"publisher\":{\"@id\":\"https:\\\/\\\/mdvie.eu\\\/#organization\"},\"potentialAction\":[{\"@type\":\"SearchAction\",\"target\":{\"@type\":\"EntryPoint\",\"urlTemplate\":\"https:\\\/\\\/mdvie.eu\\\/?s={search_term_string}\"},\"query-input\":{\"@type\":\"PropertyValueSpecification\",\"valueRequired\":true,\"valueName\":\"search_term_string\"}}],\"inLanguage\":\"fr-FR\"},{\"@type\":\"Organization\",\"@id\":\"https:\\\/\\\/mdvie.eu\\\/#organization\",\"name\":\"MD VIE\",\"url\":\"https:\\\/\\\/mdvie.eu\\\/\",\"logo\":{\"@type\":\"ImageObject\",\"inLanguage\":\"fr-FR\",\"@id\":\"https:\\\/\\\/mdvie.eu\\\/#\\\/schema\\\/logo\\\/image\\\/\",\"url\":\"https:\\\/\\\/mdvie.eu\\\/wp-content\\\/uploads\\\/2022\\\/11\\\/cropped-mdlogo.png\",\"contentUrl\":\"https:\\\/\\\/mdvie.eu\\\/wp-content\\\/uploads\\\/2022\\\/11\\\/cropped-mdlogo.png\",\"width\":223,\"height\":232,\"caption\":\"MD VIE\"},\"image\":{\"@id\":\"https:\\\/\\\/mdvie.eu\\\/#\\\/schema\\\/logo\\\/image\\\/\"}}]}<\/script>\n<!-- \/ Yoast SEO plugin. -->","yoast_head_json":{"title":"En savoir plus - MD VIE","robots":{"index":"index","follow":"follow","max-snippet":"max-snippet:-1","max-image-preview":"max-image-preview:large","max-video-preview":"max-video-preview:-1"},"canonical":"https:\/\/mdvie.eu\/?page_id=544","og_locale":"fr_FR","og_type":"article","og_title":"En savoir plus - MD VIE","og_description":"Une soci\u00e9t\u00e9 \u00e0 taille humaine orient\u00e9e vers des relations privil\u00e9gi\u00e9es Plus de 20 ans d&rsquo;exp\u00e9rience, Cr\u00e9\u00e9e en 2000 et filiale de Groupe Premium, MD Marketing Distribution vous propose des offres adapt\u00e9es et personnalis\u00e9es pour fid\u00e9liser vos clients. Une gamme de produits comp\u00e9titifs et innovants, un acteur de proximit\u00e9, des valeurs au service d&rsquo;une relation efficace. [&hellip;]","og_url":"https:\/\/mdvie.eu\/?page_id=544","og_site_name":"MD VIE","article_modified_time":"2023-07-18T17:27:59+00:00","twitter_card":"summary_large_image","twitter_misc":{"Dur\u00e9e de lecture estim\u00e9e":"1 minute"},"schema":{"@context":"https:\/\/schema.org","@graph":[{"@type":"WebPage","@id":"https:\/\/mdvie.eu\/?page_id=544","url":"https:\/\/mdvie.eu\/?page_id=544","name":"En savoir plus - MD VIE","isPartOf":{"@id":"https:\/\/mdvie.eu\/#website"},"datePublished":"2023-07-18T17:18:23+00:00","dateModified":"2023-07-18T17:27:59+00:00","breadcrumb":{"@id":"https:\/\/mdvie.eu\/?page_id=544#breadcrumb"},"inLanguage":"fr-FR","potentialAction":[{"@type":"ReadAction","target":["https:\/\/mdvie.eu\/?page_id=544"]}]},{"@type":"BreadcrumbList","@id":"https:\/\/mdvie.eu\/?page_id=544#breadcrumb","itemListElement":[{"@type":"ListItem","position":1,"name":"Accueil","item":"https:\/\/mdvie.eu\/"},{"@type":"ListItem","position":2,"name":"En savoir plus"}]},{"@type":"WebSite","@id":"https:\/\/mdvie.eu\/#website","url":"https:\/\/mdvie.eu\/","name":"MD VIE","description":"","publisher":{"@id":"https:\/\/mdvie.eu\/#organization"},"potentialAction":[{"@type":"SearchAction","target":{"@type":"EntryPoint","urlTemplate":"https:\/\/mdvie.eu\/?s={search_term_string}"},"query-input":{"@type":"PropertyValueSpecification","valueRequired":true,"valueName":"search_term_string"}}],"inLanguage":"fr-FR"},{"@type":"Organization","@id":"https:\/\/mdvie.eu\/#organization","name":"MD VIE","url":"https:\/\/mdvie.eu\/","logo":{"@type":"ImageObject","inLanguage":"fr-FR","@id":"https:\/\/mdvie.eu\/#\/schema\/logo\/image\/","url":"https:\/\/mdvie.eu\/wp-content\/uploads\/2022\/11\/cropped-mdlogo.png","contentUrl":"https:\/\/mdvie.eu\/wp-content\/uploads\/2022\/11\/cropped-mdlogo.png","width":223,"height":232,"caption":"MD VIE"},"image":{"@id":"https:\/\/mdvie.eu\/#\/schema\/logo\/image\/"}}]}},"_links":{"self":[{"href":"https:\/\/mdvie.eu\/index.php?rest_route=\/wp\/v2\/pages\/544","targetHints":{"allow":["GET"]}}],"collection":[{"href":"https:\/\/mdvie.eu\/index.php?rest_route=\/wp\/v2\/pages"}],"about":[{"href":"https:\/\/mdvie.eu\/index.php?rest_route=\/wp\/v2\/types\/page"}],"author":[{"embeddable":true,"href":"https:\/\/mdvie.eu\/index.php?rest_route=\/wp\/v2\/users\/1"}],"replies":[{"embeddable":true,"href":"https:\/\/mdvie.eu\/index.php?rest_route=%2Fwp%2Fv2%2Fcomments&post=544"}],"version-history":[{"count":9,"href":"https:\/\/mdvie.eu\/index.php?rest_route=\/wp\/v2\/pages\/544\/revisions"}],"predecessor-version":[{"id":553,"href":"https:\/\/mdvie.eu\/index.php?rest_route=\/wp\/v2\/pages\/544\/revisions\/553"}],"wp:attachment":[{"href":"https:\/\/mdvie.eu\/index.php?rest_route=%2Fwp%2Fv2%2Fmedia&parent=544"}],"curies":[{"name":"wp","href":"https:\/\/api.w.org\/{rel}","templated":true}]}}